{"id":28486,"date":"2022-06-07T13:29:14","date_gmt":"2022-06-07T10:29:14","guid":{"rendered":"https:\/\/wolfgroupnew.rktv.ee\/et\/about-us\/we-save-energy\/how-can-our-products-save-energy\/"},"modified":"2022-07-19T13:59:50","modified_gmt":"2022-07-19T10:59:50","slug":"kuidas-meie-tooted-energiat-saastavad","status":"publish","type":"page","link":"https:\/\/www.wolf-group.com\/et\/wolf-group-ettevottest\/we-save-energy\/kuidas-meie-tooted-energiat-saastavad\/","title":{"rendered":"Kuidas meie tooted energiat s\u00e4\u00e4stavad?"},"content":{"rendered":"\n    <div id=\"wse-grid-block_629f2b57d9d3e\" class=\"wse-grid-block\">\n        <div class=\"container\">\n                            <div class=\"block_intro\">\n                    <h1>Kuidas meie tooted energiat s\u00e4\u00e4stavad?<\/h1>\r\nMeie tooted lahendavad edukalt hoone h\u00fcdroisolatsiooni ja soojustusega seotud probleeme, nagu soojuskaod, \u00f5hutihedus, ilmastikukindlus, aurutihedus, k\u00fclmasillad ja deformatsioonid, aidates seega kaasa energiat\u00f5hususe saavutamisele.                <\/div>\n                                        <div class=\"grid reverse\" data-hash=\"poluuretaanvahud\">\n                                                                    <div class=\"grid_item row align-items-center\">\n                            <div class=\"col col-md-6 col-12\">\n                                <div class=\"content_container\">\n                                    <h4>Pol\u00fcuretaanvahud<\/h4>\n<p><strong>Pol\u00fcuretaanvahud (PU-vahud) on ette n\u00e4htud soojus- ja heliisolatsiooniks, tihendamiseks ja t\u00e4itmiseks ning \u00f5hutiheduse saavutamiseks. Kontrollimatu \u00f5huleke l\u00e4bi akna- ja ukseraami \u00fchenduskohtade, katusekonstruktsioonide, l\u00e4biviikude ja v\u00e4lisseinte on hoones k\u00f5ige suuremad energiakao allikad. <\/strong><\/p>\n<p>Energiakadu t\u00e4hendab suuremaid k\u00fcttekulusid ja eba\u00fchtlase temperatuuri t\u00f5ttu v\u00e4heneb mugavus.\u00a0 Ehitusvaht on omadustelt ainulaadne, kuna lisaks madalale soojusjuhtivusele tagab vaht \u00f5igel kasutamisel ka \u00f5hutiheduse. V\u00f5rreldes tavap\u00e4raste isolatsioonimaterjalidega annab see vuukide tihendamisel selge eelise.<\/p>\n<p>Wolf Groupi pol\u00fcuretaanvahtude \u00f5hutihedust ja m\u00fcrasummutustegurit on testitud Saksamaal ift Rosenheimi laboris. Mugav kodu ei t\u00e4henda mitte ainult energiat\u00f5husat maja, vaid ka paika, kus on ennetatud v\u00e4liskeskkonnast tulenevat m\u00fcrasaastet ja saavutatud tervislik sise\u00f5hu kvaliteet.<\/p>\n<p>Eluts\u00fckli hindamise raames tehtud anal\u00fc\u00fcsi kohaselt tekitab \u00fcks kilo PU-vahtu tootmisest kuni kasutusest k\u00f5rvaldamiseni umbes 5,5\u00a0kg s\u00fcsinikdioksiidi. Mitmed uuringud on aga n\u00e4idanud, et 1\u00a0kg \u00f5igesti paigaldatud PU-isolatsiooni v\u00f5ib hoone kasutusea v\u00e4ltel s\u00e4\u00e4sta ligikaudu 1000\u00a0kg CO<sub>2<\/sub>. See arv n\u00e4itab selgelt, kui suurt m\u00f5ju avaldab PU-vaht hoone energias\u00e4\u00e4stule. Meie eesm\u00e4rk on pidevalt v\u00e4hendada tootmise ja toodete jalaj\u00e4lge, et s\u00e4\u00e4stetava ja tekitatava CO<sub>2<\/sub> suhtarv oleks veelgi suurem.<\/p>\n                                <\/div>\n                            <\/div>\n                            <div class=\"col col-md-6 col-12\">\n\t\t\t\t\t\t\t\t\t\t\t\t\t\t\t\t\t<div class=\"iframe_container\">\n                                        \t\t\t\t\t\t\t\t\t\t<iframe loading=\"lazy\" data-cookieconsent=\"necessary\"title=\"Wolf Group foams\" width=\"650\" height=\"366\" src=\"https:\/\/www.youtube.com\/embed\/-B_XOh0Uew0?feature=oembed\" frameborder=\"0\" allow=\"accelerometer; autoplay; clipboard-write; encrypted-media; gyroscope; picture-in-picture; web-share\" referrerpolicy=\"strict-origin-when-cross-origin\" allowfullscreen><\/iframe>\t\t\t\t\t\t\t\t\t<\/div>\n\t\t\t\t\t\t\t\t                            <\/div>\n                        <\/div>\n                                    <\/div>\n                    <\/div>\n    <\/div>\n\n\n\n    <div id=\"wse-grid-block_629f392d2904a\" class=\"wse-grid-block\">\n        <div class=\"container\">\n                                        <div class=\"grid\" data-hash=\"hermeetikud-ja-liimid\">\n                                                                    <div class=\"grid_item row align-items-center\">\n                            <div class=\"col col-md-6 col-12\">\n                                <div class=\"content_container\">\n                                    <h4>Hermeetikud ja liimid<\/h4>\n<p><strong>Hermeetikud v\u00e4hendavad \u00f5hulekkeid ja tagavad vuukide \u00f5hukindluse, parandavad ilmastikukindlust, kaitsevad niiskuse eest, kompenseerivad vuukide liikumise ja annavad esteetilise v\u00e4limuse. Tihendamisega (ilmastikukindluse tagamisega) on v\u00f5imalik kaitsta nii v\u00e4lis- kui ka sisekonstruktsioone. <\/strong><\/p>\n<p>Wolf Group mitte ainult ei tooda materjale, vaid ka \u00f5petab inimesi, kuidas neid \u00f5igesti kasutada ja hooldada. Ulatame ehitajatele, arhitektidele ja projekteerijatele abik\u00e4e ning pakume oma oskusteadmisi Wolf Groupi aknapaigalduse, sanitaars\u00fcsteemide tihendamise, ilmastikukindlaks muutmise ja dekoratiivlahenduste vallas.<\/p>\n<p>Hermeetikuid ja liime on mitut t\u00fc\u00fcpi, kuid tervise- ja keskkonnaohutuse seisukohast on oluline, et need ei sisaldaks kahjulikke \u00fchendeid ja lenduvate orgaaniliste \u00fchendite (LO\u00dc) heitkogus oleks v\u00f5imalikult v\u00e4ike. J\u00e4rgmise kolme aasta jooksul laiendame oma v\u00e4ikese LO\u00dc-sisaldusega toodete valikut, et pakkuda klientidele kaks korda rohkem EC1+ sertifikaadi t\u00e4hisega tooteid. Wolf Group keskendub \u00fcha enam ftalaadivabade akr\u00fc\u00fclide, MEKO-vabade silikoonide, tinakatal\u00fcsaatorivabade toodete ja muude sarnaste toodete valikule, et t\u00e4ita tarbijate ootus saada ohutumad, keskkonnas\u00f5bralikumad ja energiat\u00f5husamad tooted ka siis, kui seadus seda veel ei n\u00f5ua.<\/p>\n                                <\/div>\n                            <\/div>\n                            <div class=\"col col-md-6 col-12\">\n\t\t\t\t\t\t\t\t\t\t\t\t\t\t\t\t\t<div class=\"video_container\">\n\t\t\t\t\t\t\t\t\t\t<video src=\"https:\/\/www.wolf-group.com\/et\/wp-content\/uploads\/sites\/2\/2022\/06\/Sealants_adhesives.mp4\" autoplay=\"\" muted=\"\" loop=\"\" playsinline=\"\"><\/video>\n\t\t\t\t\t\t\t\t\t<\/div>\n\t\t\t\t\t\t\t\t                            <\/div>\n                        <\/div>\n                                    <\/div>\n                    <\/div>\n    <\/div>\n\n\n\n    <div id=\"small-gallery-block_629f36693405c\" class=\"small-gallery-block\">\n        <div class=\"container\">\n\t\t\t            <div class=\"small_gallery_images\">\n                <div class=\"small_gallery_outside_wrapper w100\">\n                    <div class=\"small_gallery_wrapper w100\">\n                        <div class=\"small-gallery\">\n                            <div class=\"swiper-wrapper\">\n                                                                                                        <div class=\"swiper-slide swiper-slide-active\">\n                                        <div class=\"slide_wrapper\">\n                                                                                        <div class=\"image bg-center w100\" style=\"background-image: url(https:\/\/www.wolf-group.com\/et\/wp-content\/uploads\/sites\/2\/2022\/07\/how-our-products-save-energy-1.png);\" data-slide=\"0\"><\/div>\n                                        <\/div>\n                                    <\/div>\n                                                                                                        <div class=\"swiper-slide\">\n                                        <div class=\"slide_wrapper\">\n                                                                                        <div class=\"image bg-center w100\" style=\"background-image: url(https:\/\/www.wolf-group.com\/et\/wp-content\/uploads\/sites\/2\/2022\/07\/how-our-products-save-energy-2.png);\" data-slide=\"1\"><\/div>\n                                        <\/div>\n                                    <\/div>\n                                                                                                        <div class=\"swiper-slide\">\n                                        <div class=\"slide_wrapper\">\n                                                                                        <div class=\"image bg-center w100\" style=\"background-image: url(https:\/\/www.wolf-group.com\/et\/wp-content\/uploads\/sites\/2\/2022\/07\/how-our-products-save-energy-4.png);\" data-slide=\"2\"><\/div>\n                                        <\/div>\n                                    <\/div>\n                                                                                                        <div class=\"swiper-slide\">\n                                        <div class=\"slide_wrapper\">\n                                                                                        <div class=\"image bg-center w100\" style=\"background-image: url(https:\/\/www.wolf-group.com\/et\/wp-content\/uploads\/sites\/2\/2022\/07\/how-our-products-save-energy-3.png);\" data-slide=\"3\"><\/div>\n                                        <\/div>\n                                    <\/div>\n                                                                                                        <div class=\"swiper-slide\">\n                                        <div class=\"slide_wrapper\">\n                                                                                        <div class=\"image bg-center w100\" style=\"background-image: url(https:\/\/www.wolf-group.com\/et\/wp-content\/uploads\/sites\/2\/2022\/07\/how-our-products-save-energy-5.png);\" data-slide=\"4\"><\/div>\n                                        <\/div>\n                                    <\/div>\n                                                                                                        <div class=\"swiper-slide\">\n                                        <div class=\"slide_wrapper\">\n                                                                                        <div class=\"image bg-center w100\" style=\"background-image: url(https:\/\/www.wolf-group.com\/et\/wp-content\/uploads\/sites\/2\/2022\/07\/how-our-products-save-energy-6.png);\" data-slide=\"5\"><\/div>\n                                        <\/div>\n                                    <\/div>\n                                                            <\/div>\n                        <\/div>\n                    <\/div>\n                    <img decoding=\"async\" class=\"swiper-button-prev\" src=\"https:\/\/www.wolf-group.com\/et\/wp-content\/themes\/wolfgroup\/images\/slide_right_red.svg\" width=\"19\" height=\"36\" alt=\"\" \/>\n                    <img decoding=\"async\" class=\"swiper-button-next\" src=\"https:\/\/www.wolf-group.com\/et\/wp-content\/themes\/wolfgroup\/images\/slide_right_red.svg\" width=\"19\" height=\"36\" alt=\"\" \/>\n                <\/div>\n            <\/div>\n        <\/div>\n        <div class=\"image_links d-none\">\n                                                                <a href=\"https:\/\/www.wolf-group.com\/et\/wp-content\/uploads\/sites\/2\/2022\/07\/how-our-products-save-energy-1.png\" data-fancybox=\"gallery\" data-options='{\"loop\" : \"true\"}' data-slide=\"0\" data-caption=\"\"><\/a>\n                                                                                <a href=\"https:\/\/www.wolf-group.com\/et\/wp-content\/uploads\/sites\/2\/2022\/07\/how-our-products-save-energy-2.png\" data-fancybox=\"gallery\" data-options='{\"loop\" : \"true\"}' data-slide=\"1\" data-caption=\"\"><\/a>\n                                                                                <a href=\"https:\/\/www.wolf-group.com\/et\/wp-content\/uploads\/sites\/2\/2022\/07\/how-our-products-save-energy-4.png\" data-fancybox=\"gallery\" data-options='{\"loop\" : \"true\"}' data-slide=\"2\" data-caption=\"\"><\/a>\n                                                                                <a href=\"https:\/\/www.wolf-group.com\/et\/wp-content\/uploads\/sites\/2\/2022\/07\/how-our-products-save-energy-3.png\" data-fancybox=\"gallery\" data-options='{\"loop\" : \"true\"}' data-slide=\"3\" data-caption=\"\"><\/a>\n                                                                                <a href=\"https:\/\/www.wolf-group.com\/et\/wp-content\/uploads\/sites\/2\/2022\/07\/how-our-products-save-energy-5.png\" data-fancybox=\"gallery\" data-options='{\"loop\" : \"true\"}' data-slide=\"4\" data-caption=\"\"><\/a>\n                                                                                <a href=\"https:\/\/www.wolf-group.com\/et\/wp-content\/uploads\/sites\/2\/2022\/07\/how-our-products-save-energy-6.png\" data-fancybox=\"gallery\" data-options='{\"loop\" : \"true\"}' data-slide=\"5\" data-caption=\"\"><\/a>\n                                    <\/div>\n        <img decoding=\"async\" class=\"bg_elem d-lg-block d-none no-lazy\" src=\"https:\/\/www.wolf-group.com\/et\/wp-content\/themes\/wolfgroup\/images\/careers_bg_element.svg\" width=\"763\" height=\"618\" alt=\"\" \/>\n    <\/div>\n\n\n\n    <div id=\"wse-grid-block_629f36cb34062\" class=\"wse-grid-block\">\n        <div class=\"container\">\n                                        <div class=\"grid reverse\" data-hash=\"membraanid-ja-pinnakatted\">\n                                                                    <div class=\"grid_item row align-items-center\">\n                            <div class=\"col col-md-6 col-12\">\n                                <div class=\"content_container\">\n                                    <h4>Membraanid ja pinnakatted<\/h4>\n<p><strong>Hea sisekliima tagamiseks tuleb hoonete sisekonstruktsioone kaitsta liigse niiskuse eest ja tagada, et konstruktsiooni sattunud niiskus saaks probleemideta v\u00e4ljuda. <\/strong><\/p>\n<p>Kui niiskus j\u00e4\u00e4b sisekonstruktsiooni, ei ole v\u00f5imalik v\u00e4ltida hallituse teket, vesi hakkab k\u00fclmuma ja l\u00f5hub seina. Hoone \u00f5ige niiskusre\u017eiimi tagamiseks pakub Wolf Group aurut\u00f5kketeipe ja mastikseid, mis peale niiskuse reguleerimise toimivad ka teise \u00f5hukindla kihina. Sise\u00f5hu hea kvaliteet hoonetes ja rajatistes on seotud inimeste tervise ja mugavusega. Wolf Groupil on olemas h\u00fcdroisolatsioonilahendused, \u00f5hu- ja aurumembraanid ning aknateibid, mis aitavad tagada parema sise\u00f5hu.<\/p>\n<p>Lugege l\u00e4hemalt Wolf Group <a href=\"https:\/\/www.wolf-group.com\/et\/tooted-ja-lahendused\/tooted\/\">toodete<\/a> ja <a href=\"https:\/\/www.wolf-group.com\/et\/tooted-ja-lahendused\/lahendused\/\">lahenduste<\/a> kohta<\/p>\n                                <\/div>\n                            <\/div>\n                            <div class=\"col col-md-6 col-12\">\n\t\t\t\t\t\t\t\t\t\t\t\t\t\t\t\t\t<div class=\"iframe_container\">\n                                        \t\t\t\t\t\t\t\t\t\t<iframe loading=\"lazy\" data-cookieconsent=\"necessary\"title=\"Airtightness simulator\" width=\"650\" height=\"366\" src=\"https:\/\/www.youtube.com\/embed\/nT2io9GbGKk?feature=oembed\" frameborder=\"0\" allow=\"accelerometer; autoplay; clipboard-write; encrypted-media; gyroscope; picture-in-picture; web-share\" referrerpolicy=\"strict-origin-when-cross-origin\" allowfullscreen><\/iframe>\t\t\t\t\t\t\t\t\t<\/div>\n\t\t\t\t\t\t\t\t                            <\/div>\n                        <\/div>\n                                    <\/div>\n                    <\/div>\n    <\/div>\n","protected":false},"excerpt":{"rendered":"","protected":false},"author":1,"featured_media":0,"parent":28481,"menu_order":7,"comment_status":"closed","ping_status":"closed","template":"","meta":{"_acf_changed":false,"footnotes":""},"class_list":["post-28486","page","type-page","status-publish","hentry"],"acf":[],"yoast_head":"<!-- This site is optimized with the Yoast SEO plugin v27.3 - https:\/\/yoast.com\/product\/yoast-seo-wordpress\/ -->\n<title>Kuidas meie tooted energiat s\u00e4\u00e4stavad? - Wolf Group Estonia<\/title>\n<meta name=\"robots\" content=\"index, follow, max-snippet:-1, max-image-preview:large, max-video-preview:-1\" \/>\n<link rel=\"canonical\" href=\"https:\/\/www.wolf-group.com\/et\/wolf-group-ettevottest\/we-save-energy\/kuidas-meie-tooted-energiat-saastavad\/\" \/>\n<meta property=\"og:locale\" content=\"et_EE\" \/>\n<meta property=\"og:type\" content=\"article\" \/>\n<meta property=\"og:title\" content=\"Kuidas meie tooted energiat s\u00e4\u00e4stavad? - Wolf Group Estonia\" \/>\n<meta property=\"og:url\" content=\"https:\/\/www.wolf-group.com\/et\/wolf-group-ettevottest\/we-save-energy\/kuidas-meie-tooted-energiat-saastavad\/\" \/>\n<meta property=\"og:site_name\" content=\"Wolf Group Estonia\" \/>\n<meta property=\"article:modified_time\" content=\"2022-07-19T10:59:50+00:00\" \/>\n<meta property=\"og:image\" content=\"https:\/\/www.wolf-group.com\/et\/wp-content\/uploads\/sites\/2\/2026\/04\/wg_news_cee_2.webp\" \/>\n\t<meta property=\"og:image:width\" content=\"800\" \/>\n\t<meta property=\"og:image:height\" content=\"500\" \/>\n\t<meta property=\"og:image:type\" content=\"image\/webp\" \/>\n<meta name=\"twitter:card\" content=\"summary_large_image\" \/>\n<script type=\"application\/ld+json\" class=\"yoast-schema-graph\">{\"@context\":\"https:\\\/\\\/schema.org\",\"@graph\":[{\"@type\":\"WebPage\",\"@id\":\"https:\\\/\\\/www.wolf-group.com\\\/et\\\/wolf-group-ettevottest\\\/we-save-energy\\\/kuidas-meie-tooted-energiat-saastavad\\\/\",\"url\":\"https:\\\/\\\/www.wolf-group.com\\\/et\\\/wolf-group-ettevottest\\\/we-save-energy\\\/kuidas-meie-tooted-energiat-saastavad\\\/\",\"name\":\"Kuidas meie tooted energiat s\u00e4\u00e4stavad? - Wolf Group Estonia\",\"isPartOf\":{\"@id\":\"https:\\\/\\\/www.wolf-group.com\\\/et\\\/#website\"},\"datePublished\":\"2022-06-07T10:29:14+00:00\",\"dateModified\":\"2022-07-19T10:59:50+00:00\",\"breadcrumb\":{\"@id\":\"https:\\\/\\\/www.wolf-group.com\\\/et\\\/wolf-group-ettevottest\\\/we-save-energy\\\/kuidas-meie-tooted-energiat-saastavad\\\/#breadcrumb\"},\"inLanguage\":\"et\",\"potentialAction\":[{\"@type\":\"ReadAction\",\"target\":[\"https:\\\/\\\/www.wolf-group.com\\\/et\\\/wolf-group-ettevottest\\\/we-save-energy\\\/kuidas-meie-tooted-energiat-saastavad\\\/\"]}]},{\"@type\":\"BreadcrumbList\",\"@id\":\"https:\\\/\\\/www.wolf-group.com\\\/et\\\/wolf-group-ettevottest\\\/we-save-energy\\\/kuidas-meie-tooted-energiat-saastavad\\\/#breadcrumb\",\"itemListElement\":[{\"@type\":\"ListItem\",\"position\":1,\"name\":\"Avaleht\",\"item\":\"https:\\\/\\\/www.wolf-group.com\\\/et\\\/\"},{\"@type\":\"ListItem\",\"position\":2,\"name\":\"Ettev\u00f5ttest\",\"item\":\"https:\\\/\\\/www.wolf-group.com\\\/et\\\/wolf-group-ettevottest\\\/\"},{\"@type\":\"ListItem\",\"position\":3,\"name\":\"We save energy\",\"item\":\"https:\\\/\\\/www.wolf-group.com\\\/et\\\/wolf-group-ettevottest\\\/we-save-energy\\\/\"},{\"@type\":\"ListItem\",\"position\":4,\"name\":\"Kuidas meie tooted energiat s\u00e4\u00e4stavad?\"}]},{\"@type\":\"WebSite\",\"@id\":\"https:\\\/\\\/www.wolf-group.com\\\/et\\\/#website\",\"url\":\"https:\\\/\\\/www.wolf-group.com\\\/et\\\/\",\"name\":\"Wolf Group Eesti\",\"description\":\"construction chemistry products and solutions manufacturer\",\"publisher\":{\"@id\":\"https:\\\/\\\/www.wolf-group.com\\\/et\\\/#organization\"},\"potentialAction\":[{\"@type\":\"SearchAction\",\"target\":{\"@type\":\"EntryPoint\",\"urlTemplate\":\"https:\\\/\\\/www.wolf-group.com\\\/et\\\/?s={search_term_string}\"},\"query-input\":{\"@type\":\"PropertyValueSpecification\",\"valueRequired\":true,\"valueName\":\"search_term_string\"}}],\"inLanguage\":\"et\"},{\"@type\":\"Organization\",\"@id\":\"https:\\\/\\\/www.wolf-group.com\\\/et\\\/#organization\",\"name\":\"Wolf Group\",\"url\":\"https:\\\/\\\/www.wolf-group.com\\\/et\\\/\",\"logo\":{\"@type\":\"ImageObject\",\"inLanguage\":\"et\",\"@id\":\"https:\\\/\\\/www.wolf-group.com\\\/et\\\/#\\\/schema\\\/logo\\\/image\\\/\",\"url\":\"https:\\\/\\\/www.wolf-group.com\\\/et\\\/wp-content\\\/uploads\\\/sites\\\/2\\\/2026\\\/04\\\/wg_news_cee_2.webp\",\"contentUrl\":\"https:\\\/\\\/www.wolf-group.com\\\/et\\\/wp-content\\\/uploads\\\/sites\\\/2\\\/2026\\\/04\\\/wg_news_cee_2.webp\",\"width\":800,\"height\":500,\"caption\":\"Wolf Group\"},\"image\":{\"@id\":\"https:\\\/\\\/www.wolf-group.com\\\/et\\\/#\\\/schema\\\/logo\\\/image\\\/\"},\"legalName\":\"Wolf Group AS\",\"foundingDate\":\"1993\",\"numberOfEmployees\":{\"@type\":\"QuantitativeValue\",\"value\":900},\"knowsAbout\":[\"construction chemicals\",\"adhesives\",\"sealants\",\"thermal insulation\",\"waterproofing\"],\"contactPoint\":{\"@type\":\"ContactPoint\",\"contactType\":\"sales\",\"areaServed\":\"EE\",\"availableLanguage\":\"et\"}}]}<\/script>\n<!-- \/ Yoast SEO plugin. -->","yoast_head_json":{"title":"Kuidas meie tooted energiat s\u00e4\u00e4stavad? - Wolf Group Estonia","robots":{"index":"index","follow":"follow","max-snippet":"max-snippet:-1","max-image-preview":"max-image-preview:large","max-video-preview":"max-video-preview:-1"},"canonical":"https:\/\/www.wolf-group.com\/et\/wolf-group-ettevottest\/we-save-energy\/kuidas-meie-tooted-energiat-saastavad\/","og_locale":"et_EE","og_type":"article","og_title":"Kuidas meie tooted energiat s\u00e4\u00e4stavad? - Wolf Group Estonia","og_url":"https:\/\/www.wolf-group.com\/et\/wolf-group-ettevottest\/we-save-energy\/kuidas-meie-tooted-energiat-saastavad\/","og_site_name":"Wolf Group Estonia","article_modified_time":"2022-07-19T10:59:50+00:00","og_image":[{"width":800,"height":500,"url":"https:\/\/www.wolf-group.com\/et\/wp-content\/uploads\/sites\/2\/2026\/04\/wg_news_cee_2.webp","type":"image\/webp"}],"twitter_card":"summary_large_image","schema":{"@context":"https:\/\/schema.org","@graph":[{"@type":"WebPage","@id":"https:\/\/www.wolf-group.com\/et\/wolf-group-ettevottest\/we-save-energy\/kuidas-meie-tooted-energiat-saastavad\/","url":"https:\/\/www.wolf-group.com\/et\/wolf-group-ettevottest\/we-save-energy\/kuidas-meie-tooted-energiat-saastavad\/","name":"Kuidas meie tooted energiat s\u00e4\u00e4stavad? - Wolf Group Estonia","isPartOf":{"@id":"https:\/\/www.wolf-group.com\/et\/#website"},"datePublished":"2022-06-07T10:29:14+00:00","dateModified":"2022-07-19T10:59:50+00:00","breadcrumb":{"@id":"https:\/\/www.wolf-group.com\/et\/wolf-group-ettevottest\/we-save-energy\/kuidas-meie-tooted-energiat-saastavad\/#breadcrumb"},"inLanguage":"et","potentialAction":[{"@type":"ReadAction","target":["https:\/\/www.wolf-group.com\/et\/wolf-group-ettevottest\/we-save-energy\/kuidas-meie-tooted-energiat-saastavad\/"]}]},{"@type":"BreadcrumbList","@id":"https:\/\/www.wolf-group.com\/et\/wolf-group-ettevottest\/we-save-energy\/kuidas-meie-tooted-energiat-saastavad\/#breadcrumb","itemListElement":[{"@type":"ListItem","position":1,"name":"Avaleht","item":"https:\/\/www.wolf-group.com\/et\/"},{"@type":"ListItem","position":2,"name":"Ettev\u00f5ttest","item":"https:\/\/www.wolf-group.com\/et\/wolf-group-ettevottest\/"},{"@type":"ListItem","position":3,"name":"We save energy","item":"https:\/\/www.wolf-group.com\/et\/wolf-group-ettevottest\/we-save-energy\/"},{"@type":"ListItem","position":4,"name":"Kuidas meie tooted energiat s\u00e4\u00e4stavad?"}]},{"@type":"WebSite","@id":"https:\/\/www.wolf-group.com\/et\/#website","url":"https:\/\/www.wolf-group.com\/et\/","name":"Wolf Group Eesti","description":"construction chemistry products and solutions manufacturer","publisher":{"@id":"https:\/\/www.wolf-group.com\/et\/#organization"},"potentialAction":[{"@type":"SearchAction","target":{"@type":"EntryPoint","urlTemplate":"https:\/\/www.wolf-group.com\/et\/?s={search_term_string}"},"query-input":{"@type":"PropertyValueSpecification","valueRequired":true,"valueName":"search_term_string"}}],"inLanguage":"et"},{"@type":"Organization","@id":"https:\/\/www.wolf-group.com\/et\/#organization","name":"Wolf Group","url":"https:\/\/www.wolf-group.com\/et\/","logo":{"@type":"ImageObject","inLanguage":"et","@id":"https:\/\/www.wolf-group.com\/et\/#\/schema\/logo\/image\/","url":"https:\/\/www.wolf-group.com\/et\/wp-content\/uploads\/sites\/2\/2026\/04\/wg_news_cee_2.webp","contentUrl":"https:\/\/www.wolf-group.com\/et\/wp-content\/uploads\/sites\/2\/2026\/04\/wg_news_cee_2.webp","width":800,"height":500,"caption":"Wolf Group"},"image":{"@id":"https:\/\/www.wolf-group.com\/et\/#\/schema\/logo\/image\/"},"legalName":"Wolf Group AS","foundingDate":"1993","numberOfEmployees":{"@type":"QuantitativeValue","value":900},"knowsAbout":["construction chemicals","adhesives","sealants","thermal insulation","waterproofing"],"contactPoint":{"@type":"ContactPoint","contactType":"sales","areaServed":"EE","availableLanguage":"et"}}]}},"_links":{"self":[{"href":"https:\/\/www.wolf-group.com\/et\/wp-json\/wp\/v2\/pages\/28486","targetHints":{"allow":["GET"]}}],"collection":[{"href":"https:\/\/www.wolf-group.com\/et\/wp-json\/wp\/v2\/pages"}],"about":[{"href":"https:\/\/www.wolf-group.com\/et\/wp-json\/wp\/v2\/types\/page"}],"author":[{"embeddable":true,"href":"https:\/\/www.wolf-group.com\/et\/wp-json\/wp\/v2\/users\/1"}],"replies":[{"embeddable":true,"href":"https:\/\/www.wolf-group.com\/et\/wp-json\/wp\/v2\/comments?post=28486"}],"version-history":[{"count":7,"href":"https:\/\/www.wolf-group.com\/et\/wp-json\/wp\/v2\/pages\/28486\/revisions"}],"predecessor-version":[{"id":29179,"href":"https:\/\/www.wolf-group.com\/et\/wp-json\/wp\/v2\/pages\/28486\/revisions\/29179"}],"up":[{"embeddable":true,"href":"https:\/\/www.wolf-group.com\/et\/wp-json\/wp\/v2\/pages\/28481"}],"wp:attachment":[{"href":"https:\/\/www.wolf-group.com\/et\/wp-json\/wp\/v2\/media?parent=28486"}],"curies":[{"name":"wp","href":"https:\/\/api.w.org\/{rel}","templated":true}]}}