{"id":27516,"date":"2022-06-03T11:05:42","date_gmt":"2022-06-03T08:05:42","guid":{"rendered":"https:\/\/wolfgroupnew.rktv.ee\/de\/production\/gava\/"},"modified":"2026-04-01T10:44:28","modified_gmt":"2026-04-01T07:44:28","slug":"gava","status":"publish","type":"page","link":"https:\/\/www.wolf-group.com\/de\/unsere-produktionsstatten\/gava\/","title":{"rendered":"Gava"},"content":{"rendered":"\n    <section id=\"production-intro-block_5a70a9117b936f9c10b6324cfd492b41\" class=\"production-intro-block\" aria-label=\"Production introduction\">\n        <div class=\"container\">\n            <div class=\"row align-items-center flex-md-nowrap\">\n                <div class=\"col col-12\">\n                                            <div class=\"intro\">\n                            <div class=\"row align-items-center flex-lg-nowrap\">\n                                <div class=\"col-12 col-lg-5 text-wrap\">\n                                    <h1><strong>Wolf Group Ib\u00e9rico S.A.U, Barcelona <\/strong><\/h1>\n<p>Die Wolf Group Ib\u00e9rico SAU in Spanien spezialisiert sich seit\u00a01974 auf die Entwicklung und Herstellung von Silikonen und Dichtstoffen. Das Unternehmen er\u00f6ffnete 2024 eine Fabrik f\u00fcr PU-Schaum, was einen einzigartigen Meilenstein in der Branche darstellt, da zum ersten Mal Polyurethan-Sch\u00e4ume in Spanien hergestellt werden. Wolf Group Ib\u00e9rico bietet L\u00f6sungen f\u00fcr Branchen wie Architektur, Bauwesen, Industrie und DIY. Ihre ausgefeilten Produkte und Systeme erf\u00fcllen die anspruchsvollsten Anforderungen fortschrittlichster Architektur- und Bauprojekte und decken alle technischen Vorschriften und Bed\u00fcrfnisse ab.<\/p>\n                                <\/div>\n\n                                <div class=\"col-12 col-lg-7 media-wrap\">\n                                    <div class=\"media\" aria-hidden=\"false\">\n                                                                                    <iframe loading=\"lazy\"\n                                                width=\"100\"\n                                                height=\"100\"\n                                                src=\"https:\/\/www.youtube.com\/embed\/EaBx7NhhlCw?loop=1&#038;playlist=EaBx7NhhlCw&#038;autoplay=1&#038;mute=1\"\n                                                title=\"Production facility video\"\n                                                allow=\"accelerometer; autoplay; clipboard-write; encrypted-media; gyroscope; picture-in-picture\"\n                                                allowfullscreen\n                                                data-cookieconsent=\"necessary\"\n                                            ><\/iframe>\n                                                                            <\/div>\n                                <\/div>\n                            <\/div>\n\n                                                            <ul>\n<li>F&amp;E- und Innovationszentrum<\/li>\n<li>Produktmanagement und technische Beratung<\/li>\n<li>Globales Know-how in der Herstellung und Compoundierung von PU-Sch\u00e4umen, Silikonen und Klebstoffen<\/li>\n<li>Herstellung von mehr als 70\u00a0Schaumkombinationen m\u00f6glich<\/li>\n<li>Kompetenzzentrum f\u00fcr die Herstellung von MDI-armen und MDI-freien Sch\u00e4umen<\/li>\n<li><\/li>\n<li>Schneller und flexibler Service<\/li>\n<li>Automatisierte und digitalisierte Prozesse, einschlie\u00dflich Vertrieb, Produktion und Logistik<\/li>\n<li>Umweltschutz, Energieeinsparung und F\u00f6rderung einer nachhaltigen Entwicklung geh\u00f6ren zu den Kernprinzipien der Wolf Group Ib\u00e9rico.<\/li>\n<\/ul>\n                                                    <\/div>\n                    \n                                            <nav class=\"buttons d-flex flex-md-row flex-column align-items-md-center align-items-start justify-content-start\" aria-label=\"Page actions\">\n                                                                                                                                    <a class=\"btn\" href=\"#contact\" target=\"\" rel=\"noopener noreferrer\">Kontaktieren Sie uns<\/a>\n                                                                                                        <a class=\"btn\" href=\"https:\/\/www.wolf-group.com\/de\/karrierezentrum\/\" target=\"\" rel=\"noopener noreferrer\">Stellen bei der Wolf Group<\/a>\n                                                            \n                                                                                            <a class=\"btn-next ms-auto\" href=\"https:\/\/www.wolf-group.com\/de\/unsere-produktionsstatten\/tallinn\/\" target=\"_self\">\n                                    <span>Tallinn Produktionsst\u00e4tte<\/span>\n                                    <svg xmlns=\"http:\/\/www.w3.org\/2000\/svg\" width=\"18\" height=\"12\" viewBox=\"0 0 18 12\" fill=\"none\" aria-hidden=\"true\" focusable=\"false\">\n                                        <path d=\"M1 6H17M12 1L17 6L12 11\" stroke=\"currentColor\" stroke-width=\"1.5\" stroke-linecap=\"round\" stroke-linejoin=\"round\"\/>\n                                    <\/svg>\n                                <\/a>\n                                                    <\/nav>\n                                    <\/div>\n            <\/div>\n        <\/div>\n        <img decoding=\"async\" class=\"bg_elem no-lazy\" src=\"https:\/\/www.wolf-group.com\/de\/wp-content\/themes\/wolfgroup\/images\/bg_elem.png\" width=\"2940\" height=\"2380\" alt=\"\" role=\"presentation\" \/>\n    <\/section>\n\n\n\n    <div id=\"production-content-block_6511da8ebcf17ec0fccb82d9fa806eb1\" class=\"production-content-block\">\n        <div class=\"inside_wrap grey_bg\">\n            <div class=\"container\">\n                <div class=\"row align-items-center flex-md-nowrap\">\n                    <div class=\"content col col-12\">\n                                                    <h2><strong>Qualit\u00e4ts- und Umweltrichtlinien<\/strong><\/h2>\n<p>&nbsp;<\/p>\n<p>Die folgenden Zertifikate wurden dem Unternehmen von Bureau Veritas Eesti\u00a0O\u00dc ausgestellt:<\/p>\n<p><a href=\"https:\/\/www.wolf-group.com\/de\/wp-content\/uploads\/sites\/4\/2023\/07\/Wolf-Group-Iberico-S.A.-ISO-9001-ESP-versioon-2.pdf\" target=\"_blank\" rel=\"noopener\">ISO 9001:2015 Wolf Group O\u00dc<\/a><br \/>\n<a href=\"https:\/\/www.wolf-group.com\/de\/wp-content\/uploads\/sites\/4\/2023\/07\/Wolf-Group-Iberico-S.A.-ISO-14001-ESP-versioon-2.pdf\" target=\"_blank\" rel=\"noopener\">ISO 14001:2015 Wolf Group O\u00dc<\/a><\/p>\n<p>&nbsp;<\/p>\n<h4>Umweltrichtlinie<\/h4>\n<p>Wir haben uns einer besseren Gegenwart und einer nachhaltigen Zukunft verschrieben. Dieses Engagement zeigt sich in einer Vielzahl von Aktivit\u00e4ten, mit denen wir unsere Auswirkungen auf die Umwelt minimieren und Energie sparen m\u00f6chten.<\/p>\n<ul>\n<li>Wir ber\u00fccksichtigen die Gef\u00e4hrlichkeit unserer Produktionsprozesse und deren Auswirkungen auf die Umwelt und verpflichten uns, Risiken zu minimieren, um die Sicherheit unserer Mitarbeiter und den Schutz der Umwelt zu gew\u00e4hrleisten.<\/li>\n<li>Wir setzen Rohstoffe, Energie und nat\u00fcrliche Ressourcen effizient ein und recyceln eine erhebliche Menge der Materialien.<\/li>\n<li>Bei der Planung neuer Produkte und Verfahren legen wir Wert auf umweltfreundliche Materialien.<\/li>\n<li>Bei unseren Aktivit\u00e4ten ber\u00fccksichtigen wir die gesetzlichen Bestimmungen und andere Vereinbarungen \u00fcber die Umweltaspekte der Unternehmenst\u00e4tigkeit.<\/li>\n<li>Wir entwickeln Produkte, die den \u00dcbergang zu umweltfreundlicheren Modellen (Minimierung von VOC-Emissionen) vorantreiben, welche f\u00fcr die Erlangung einer Nachhaltigkeitszertifizierung f\u00fcr Geb\u00e4ude verwendet werden k\u00f6nnen.<\/li>\n<\/ul>\n<p>Die gleichen Grunds\u00e4tze gelten f\u00fcr die Zusammenarbeit mit unseren Lieferanten und Partnern. Die Sicherung der Qualit\u00e4t und der Schutz der Umwelt haben f\u00fcr jeden einzelnen unserer Mitarbeiter oberste Priorit\u00e4t. Wir werden weiterhin einer der weltweit f\u00fchrenden Hersteller von Bausch\u00e4umen und Dichtstoffen bleiben, indem wir unsere Qualit\u00e4ts- und Umweltrichtlinien verfolgen, uns neue Ziele setzen und diese erreichen.<\/p>\n<h4>Qualit\u00e4tsrichtlinie<\/h4>\n<ul>\n<li>Alle unsere Aktivit\u00e4ten orientieren sich an den Bed\u00fcrfnissen und Erwartungen unserer Kunden. Dies stellt die strategische Grundlage unserer Aktivit\u00e4ten und der Ertragskraft des Unternehmens dar.<\/li>\n<li>Unsere Produkte erf\u00fcllen sowohl s\u00e4mtliche Vorschriften als auch die Erwartungen unserer Kunden.<\/li>\n<li>Unser Ziel ist es, Ausf\u00e4lle zu vermeiden und unsere Prozesse und Produkte zu verbessern.<\/li>\n<li>Wir schaffen ein anregendes Arbeitsumfeld und ein wettbewerbsf\u00e4higes Unternehmen, in dem Sie Ihre F\u00e4higkeiten entwickeln k\u00f6nnen.<\/li>\n<\/ul>\n<p>Wir verf\u00fcgen \u00fcber Zertifizierungen wie SNJF, N\u00a0Mark und APPLUS, die wir dank unserer strengen Prozesskontrolle erlangt haben, sowie \u00fcber Zertifizierungen f\u00fcr Produkte, die auf ihren Kontakt mit Lebensmitteln und ihre Feuerbest\u00e4ndigkeit gepr\u00fcft wurden.<\/p>\n                                                                    <\/div>\n                <\/div>\n            <\/div>\n        <\/div>\n    <\/div>\n\n\n\n    <div id=\"production-content-block_368981c3a721a5663d2aa58306043d39\" class=\"production-content-block\">\n        <div class=\"inside_wrap\">\n            <div class=\"container\">\n                <div class=\"row align-items-center flex-md-nowrap\">\n                    <div class=\"content col col-12\">\n                                                    <h2>Gesundheit und Sicherheit<\/h2>\n<p>F\u00fcr die Wolf Group Ib\u00e9rico ist die Sicherheit ihrer Mitarbeiter eine Priorit\u00e4t. Das Unternehmen legt sichere Praktiken fest, die das Risiko w\u00e4hrend des gesamten Produktionsprozesses minimieren.<\/p>\n<ul>\n<li>Die Mitarbeiter werden in verschiedenen Themen des Arbeits- und Gesundheitsschutzes geschult.<\/li>\n<li>Die Mitarbeiter werden f\u00fcr den Umgang mit pers\u00f6nlicher Schutzausr\u00fcstung sensibilisiert.<\/li>\n<li>Gemeinsam mit der Arbeitsgruppe werden Risiken untersucht und vorbeugende Ma\u00dfnahmen ergriffen, darunter sicherere und effizientere Arbeitsmethoden.<\/li>\n<li>Die Produkte werden so entwickelt, dass die Sicherheit bei der Herstellung und Anwendung gew\u00e4hrleistet ist und der Einsatz gef\u00e4hrlicher Stoffe auf ein Minimum reduziert wird.<\/li>\n<\/ul>\n                                                                    <\/div>\n                <\/div>\n            <\/div>\n        <\/div>\n    <\/div>\n\n\n\n<figure class=\"wp-block-gallery has-nested-images columns-4 is-cropped wp-block-gallery-1 is-layout-flex wp-block-gallery-is-layout-flex\">\n<figure class=\"wp-block-image size-full\"><img decoding=\"async\" width=\"800\" height=\"600\" data-id=\"29842\" src=\"https:\/\/www.wolf-group.com\/de\/wp-content\/uploads\/sites\/4\/2024\/07\/Gava-WolfGroup-1.jpg\" alt=\"Gava Wolf Group\" class=\"wp-image-29842\"\/><\/figure>\n\n\n\n<figure class=\"wp-block-image size-full\"><img decoding=\"async\" width=\"800\" height=\"450\" data-id=\"29841\" src=\"https:\/\/www.wolf-group.com\/de\/wp-content\/uploads\/sites\/4\/2024\/07\/Gava-WolfGroup-2.jpg\" alt=\"Gava Wolf Group Factory\" class=\"wp-image-29841\"\/><\/figure>\n\n\n\n<figure class=\"wp-block-image size-full\"><img decoding=\"async\" width=\"800\" height=\"450\" data-id=\"29844\" src=\"https:\/\/www.wolf-group.com\/de\/wp-content\/uploads\/sites\/4\/2024\/07\/Gava-WolfGroup-3.jpg\" alt=\"Gava Wolf Group Facade\" class=\"wp-image-29844\"\/><\/figure>\n\n\n\n<figure class=\"wp-block-image size-full\"><img decoding=\"async\" width=\"800\" height=\"450\" data-id=\"29843\" src=\"https:\/\/www.wolf-group.com\/de\/wp-content\/uploads\/sites\/4\/2024\/07\/Gava-WolfGroup-4.jpg\" alt=\"Gava Wolf Group Penosil\" class=\"wp-image-29843\"\/><\/figure>\n<\/figure>\n","protected":false},"excerpt":{"rendered":"","protected":false},"author":2,"featured_media":0,"parent":27501,"menu_order":20,"comment_status":"closed","ping_status":"closed","template":"","meta":{"_acf_changed":false,"footnotes":""},"class_list":["post-27516","page","type-page","status-publish","hentry"],"acf":[],"yoast_head":"<!-- This site is optimized with the Yoast SEO plugin v27.3 - https:\/\/yoast.com\/product\/yoast-seo-wordpress\/ -->\n<title>Gava - Wolf Group German<\/title>\n<meta name=\"robots\" content=\"index, follow, max-snippet:-1, max-image-preview:large, max-video-preview:-1\" \/>\n<link rel=\"canonical\" href=\"https:\/\/www.wolf-group.com\/de\/unsere-produktionsstatten\/gava\/\" \/>\n<meta property=\"og:locale\" content=\"de_DE\" \/>\n<meta property=\"og:type\" content=\"article\" \/>\n<meta property=\"og:title\" content=\"Gava - Wolf Group German\" \/>\n<meta property=\"og:url\" content=\"https:\/\/www.wolf-group.com\/de\/unsere-produktionsstatten\/gava\/\" \/>\n<meta property=\"og:site_name\" content=\"Wolf Group German\" \/>\n<meta property=\"article:modified_time\" content=\"2026-04-01T07:44:28+00:00\" \/>\n<meta property=\"og:image\" content=\"https:\/\/www.wolf-group.com\/de\/wp-content\/uploads\/sites\/4\/2024\/07\/Gava-WolfGroup-1.jpg\" \/>\n<meta name=\"twitter:card\" content=\"summary_large_image\" \/>\n<script type=\"application\/ld+json\" class=\"yoast-schema-graph\">{\"@context\":\"https:\\\/\\\/schema.org\",\"@graph\":[{\"@type\":\"WebPage\",\"@id\":\"https:\\\/\\\/www.wolf-group.com\\\/de\\\/unsere-produktionsstatten\\\/gava\\\/\",\"url\":\"https:\\\/\\\/www.wolf-group.com\\\/de\\\/unsere-produktionsstatten\\\/gava\\\/\",\"name\":\"Gava - Wolf Group German\",\"isPartOf\":{\"@id\":\"https:\\\/\\\/www.wolf-group.com\\\/de\\\/#website\"},\"primaryImageOfPage\":{\"@id\":\"https:\\\/\\\/www.wolf-group.com\\\/de\\\/unsere-produktionsstatten\\\/gava\\\/#primaryimage\"},\"image\":{\"@id\":\"https:\\\/\\\/www.wolf-group.com\\\/de\\\/unsere-produktionsstatten\\\/gava\\\/#primaryimage\"},\"thumbnailUrl\":\"https:\\\/\\\/www.wolf-group.com\\\/de\\\/wp-content\\\/uploads\\\/sites\\\/4\\\/2024\\\/07\\\/Gava-WolfGroup-1.jpg\",\"datePublished\":\"2022-06-03T08:05:42+00:00\",\"dateModified\":\"2026-04-01T07:44:28+00:00\",\"breadcrumb\":{\"@id\":\"https:\\\/\\\/www.wolf-group.com\\\/de\\\/unsere-produktionsstatten\\\/gava\\\/#breadcrumb\"},\"inLanguage\":\"de\",\"potentialAction\":[{\"@type\":\"ReadAction\",\"target\":[\"https:\\\/\\\/www.wolf-group.com\\\/de\\\/unsere-produktionsstatten\\\/gava\\\/\"]}]},{\"@type\":\"ImageObject\",\"inLanguage\":\"de\",\"@id\":\"https:\\\/\\\/www.wolf-group.com\\\/de\\\/unsere-produktionsstatten\\\/gava\\\/#primaryimage\",\"url\":\"https:\\\/\\\/www.wolf-group.com\\\/de\\\/wp-content\\\/uploads\\\/sites\\\/4\\\/2024\\\/07\\\/Gava-WolfGroup-1.jpg\",\"contentUrl\":\"https:\\\/\\\/www.wolf-group.com\\\/de\\\/wp-content\\\/uploads\\\/sites\\\/4\\\/2024\\\/07\\\/Gava-WolfGroup-1.jpg\",\"width\":800,\"height\":600,\"caption\":\"Gava Wolf Group\"},{\"@type\":\"BreadcrumbList\",\"@id\":\"https:\\\/\\\/www.wolf-group.com\\\/de\\\/unsere-produktionsstatten\\\/gava\\\/#breadcrumb\",\"itemListElement\":[{\"@type\":\"ListItem\",\"position\":1,\"name\":\"Startseite\",\"item\":\"https:\\\/\\\/www.wolf-group.com\\\/de\\\/\"},{\"@type\":\"ListItem\",\"position\":2,\"name\":\"Unsere Produktionsst\u00e4tten\",\"item\":\"https:\\\/\\\/www.wolf-group.com\\\/de\\\/unsere-produktionsstatten\\\/\"},{\"@type\":\"ListItem\",\"position\":3,\"name\":\"Gava\"}]},{\"@type\":\"WebSite\",\"@id\":\"https:\\\/\\\/www.wolf-group.com\\\/de\\\/#website\",\"url\":\"https:\\\/\\\/www.wolf-group.com\\\/de\\\/\",\"name\":\"Wolf Group German\",\"description\":\"construction chemistry products and solutions manufacturer\",\"publisher\":{\"@id\":\"https:\\\/\\\/www.wolf-group.com\\\/de\\\/#organization\"},\"potentialAction\":[{\"@type\":\"SearchAction\",\"target\":{\"@type\":\"EntryPoint\",\"urlTemplate\":\"https:\\\/\\\/www.wolf-group.com\\\/de\\\/?s={search_term_string}\"},\"query-input\":{\"@type\":\"PropertyValueSpecification\",\"valueRequired\":true,\"valueName\":\"search_term_string\"}}],\"inLanguage\":\"de\"},{\"@type\":\"Organization\",\"@id\":\"https:\\\/\\\/www.wolf-group.com\\\/de\\\/#organization\",\"name\":\"Wolf Group German\",\"url\":\"https:\\\/\\\/www.wolf-group.com\\\/de\\\/\",\"logo\":{\"@type\":\"ImageObject\",\"inLanguage\":\"de\",\"@id\":\"https:\\\/\\\/www.wolf-group.com\\\/de\\\/#\\\/schema\\\/logo\\\/image\\\/\",\"url\":\"https:\\\/\\\/www.wolf-group.com\\\/de\\\/wp-content\\\/uploads\\\/sites\\\/4\\\/2022\\\/04\\\/wolfgroup-logo.svg\",\"contentUrl\":\"https:\\\/\\\/www.wolf-group.com\\\/de\\\/wp-content\\\/uploads\\\/sites\\\/4\\\/2022\\\/04\\\/wolfgroup-logo.svg\",\"width\":155,\"height\":46,\"caption\":\"Wolf Group German\"},\"image\":{\"@id\":\"https:\\\/\\\/www.wolf-group.com\\\/de\\\/#\\\/schema\\\/logo\\\/image\\\/\"}}]}<\/script>\n<!-- \/ Yoast SEO plugin. -->","yoast_head_json":{"title":"Gava - Wolf Group German","robots":{"index":"index","follow":"follow","max-snippet":"max-snippet:-1","max-image-preview":"max-image-preview:large","max-video-preview":"max-video-preview:-1"},"canonical":"https:\/\/www.wolf-group.com\/de\/unsere-produktionsstatten\/gava\/","og_locale":"de_DE","og_type":"article","og_title":"Gava - Wolf Group German","og_url":"https:\/\/www.wolf-group.com\/de\/unsere-produktionsstatten\/gava\/","og_site_name":"Wolf Group German","article_modified_time":"2026-04-01T07:44:28+00:00","og_image":[{"url":"https:\/\/www.wolf-group.com\/de\/wp-content\/uploads\/sites\/4\/2024\/07\/Gava-WolfGroup-1.jpg","type":"","width":"","height":""}],"twitter_card":"summary_large_image","schema":{"@context":"https:\/\/schema.org","@graph":[{"@type":"WebPage","@id":"https:\/\/www.wolf-group.com\/de\/unsere-produktionsstatten\/gava\/","url":"https:\/\/www.wolf-group.com\/de\/unsere-produktionsstatten\/gava\/","name":"Gava - Wolf Group German","isPartOf":{"@id":"https:\/\/www.wolf-group.com\/de\/#website"},"primaryImageOfPage":{"@id":"https:\/\/www.wolf-group.com\/de\/unsere-produktionsstatten\/gava\/#primaryimage"},"image":{"@id":"https:\/\/www.wolf-group.com\/de\/unsere-produktionsstatten\/gava\/#primaryimage"},"thumbnailUrl":"https:\/\/www.wolf-group.com\/de\/wp-content\/uploads\/sites\/4\/2024\/07\/Gava-WolfGroup-1.jpg","datePublished":"2022-06-03T08:05:42+00:00","dateModified":"2026-04-01T07:44:28+00:00","breadcrumb":{"@id":"https:\/\/www.wolf-group.com\/de\/unsere-produktionsstatten\/gava\/#breadcrumb"},"inLanguage":"de","potentialAction":[{"@type":"ReadAction","target":["https:\/\/www.wolf-group.com\/de\/unsere-produktionsstatten\/gava\/"]}]},{"@type":"ImageObject","inLanguage":"de","@id":"https:\/\/www.wolf-group.com\/de\/unsere-produktionsstatten\/gava\/#primaryimage","url":"https:\/\/www.wolf-group.com\/de\/wp-content\/uploads\/sites\/4\/2024\/07\/Gava-WolfGroup-1.jpg","contentUrl":"https:\/\/www.wolf-group.com\/de\/wp-content\/uploads\/sites\/4\/2024\/07\/Gava-WolfGroup-1.jpg","width":800,"height":600,"caption":"Gava Wolf Group"},{"@type":"BreadcrumbList","@id":"https:\/\/www.wolf-group.com\/de\/unsere-produktionsstatten\/gava\/#breadcrumb","itemListElement":[{"@type":"ListItem","position":1,"name":"Startseite","item":"https:\/\/www.wolf-group.com\/de\/"},{"@type":"ListItem","position":2,"name":"Unsere Produktionsst\u00e4tten","item":"https:\/\/www.wolf-group.com\/de\/unsere-produktionsstatten\/"},{"@type":"ListItem","position":3,"name":"Gava"}]},{"@type":"WebSite","@id":"https:\/\/www.wolf-group.com\/de\/#website","url":"https:\/\/www.wolf-group.com\/de\/","name":"Wolf Group German","description":"construction chemistry products and solutions manufacturer","publisher":{"@id":"https:\/\/www.wolf-group.com\/de\/#organization"},"potentialAction":[{"@type":"SearchAction","target":{"@type":"EntryPoint","urlTemplate":"https:\/\/www.wolf-group.com\/de\/?s={search_term_string}"},"query-input":{"@type":"PropertyValueSpecification","valueRequired":true,"valueName":"search_term_string"}}],"inLanguage":"de"},{"@type":"Organization","@id":"https:\/\/www.wolf-group.com\/de\/#organization","name":"Wolf Group German","url":"https:\/\/www.wolf-group.com\/de\/","logo":{"@type":"ImageObject","inLanguage":"de","@id":"https:\/\/www.wolf-group.com\/de\/#\/schema\/logo\/image\/","url":"https:\/\/www.wolf-group.com\/de\/wp-content\/uploads\/sites\/4\/2022\/04\/wolfgroup-logo.svg","contentUrl":"https:\/\/www.wolf-group.com\/de\/wp-content\/uploads\/sites\/4\/2022\/04\/wolfgroup-logo.svg","width":155,"height":46,"caption":"Wolf Group German"},"image":{"@id":"https:\/\/www.wolf-group.com\/de\/#\/schema\/logo\/image\/"}}]}},"_links":{"self":[{"href":"https:\/\/www.wolf-group.com\/de\/wp-json\/wp\/v2\/pages\/27516","targetHints":{"allow":["GET"]}}],"collection":[{"href":"https:\/\/www.wolf-group.com\/de\/wp-json\/wp\/v2\/pages"}],"about":[{"href":"https:\/\/www.wolf-group.com\/de\/wp-json\/wp\/v2\/types\/page"}],"author":[{"embeddable":true,"href":"https:\/\/www.wolf-group.com\/de\/wp-json\/wp\/v2\/users\/2"}],"replies":[{"embeddable":true,"href":"https:\/\/www.wolf-group.com\/de\/wp-json\/wp\/v2\/comments?post=27516"}],"version-history":[{"count":18,"href":"https:\/\/www.wolf-group.com\/de\/wp-json\/wp\/v2\/pages\/27516\/revisions"}],"predecessor-version":[{"id":30554,"href":"https:\/\/www.wolf-group.com\/de\/wp-json\/wp\/v2\/pages\/27516\/revisions\/30554"}],"up":[{"embeddable":true,"href":"https:\/\/www.wolf-group.com\/de\/wp-json\/wp\/v2\/pages\/27501"}],"wp:attachment":[{"href":"https:\/\/www.wolf-group.com\/de\/wp-json\/wp\/v2\/media?parent=27516"}],"curies":[{"name":"wp","href":"https:\/\/api.w.org\/{rel}","templated":true}]}}