{"id":27504,"date":"2022-04-06T11:55:14","date_gmt":"2022-04-06T08:55:14","guid":{"rendered":"https:\/\/wolfgroupnew.rktv.ee\/de\/production\/tallinn\/"},"modified":"2026-04-01T10:42:50","modified_gmt":"2026-04-01T07:42:50","slug":"tallinn","status":"publish","type":"page","link":"https:\/\/www.wolf-group.com\/de\/unsere-produktionsstatten\/tallinn\/","title":{"rendered":"Tallinn"},"content":{"rendered":"\n    <section id=\"production-intro-block_d2f8072800d1ac3f285537d75f356f94\" class=\"production-intro-block\" aria-label=\"Production introduction\">\n        <div class=\"container\">\n            <div class=\"row align-items-center flex-md-nowrap\">\n                <div class=\"col col-12\">\n                                            <div class=\"intro\">\n                            <div class=\"row align-items-center flex-lg-nowrap\">\n                                <div class=\"col-12 col-lg-5 text-wrap\">\n                                    <h1>Wolf Group O\u00dc, Tallinn<\/h1>\n<p>Die Wolf\u00a0Group\u00a0O\u00dc ist ein f\u00fchrender und international renommierter Entwickler und Hersteller von isolierenden Polyurethansch\u00e4umen, Fugendichtstoffen, Klebstoffen, Oberfl\u00e4chenbehandlungen und Betonzusatzmitteln. Das Unternehmen wurde 1994 gegr\u00fcndet und nahm 1998 die Produktion auf. Heute geh\u00f6rt die Produktionsst\u00e4tte in Tallinn zu den drei gr\u00f6\u00dften Produzenten in Europa.<\/p>\n                                <\/div>\n\n                                <div class=\"col-12 col-lg-7 media-wrap\">\n                                    <div class=\"media\" aria-hidden=\"true\">\n                                                                                    <img decoding=\"async\" class=\"no-lazy\" src=\"https:\/\/www.wolf-group.com\/de\/wp-content\/uploads\/sites\/4\/2022\/06\/Tallinn.jpg\" width=\"2000\" height=\"1125\" alt=\"\" \/>\n                                                                            <\/div>\n                                <\/div>\n                            <\/div>\n\n                                                            <ul>\n<li>Hauptsitz der Wolf\u00a0Group<\/li>\n<li>F&amp;E- und Innovationszentrum<\/li>\n<li>Produktmanagement und technische Beratung<\/li>\n<li>Schneller und flexibler Kundenservice<\/li>\n<li>Automatisierte und digitalisierte Prozesse, einschlie\u00dflich Vertrieb, Produktion und Logistik<\/li>\n<li>Globales Know-how in der Herstellung und Compoundierung von PU-Sch\u00e4umen, Dichstoffe, Klebstoffen, Membranen und Beschichtungen<\/li>\n<li>Eigene Kunststoffproduktion f\u00fcr die Adapter, R\u00f6hrchen, Kappen usw. der Produkte der Wolf\u00a0Group<\/li>\n<li>Herstellung von patentierten Werkzeugen: Schaumpistolen, Spr\u00fchd\u00fcsen und Spachtel<\/li>\n<li>Kapazit\u00e4ten f\u00fcr die Herstellung von 1200\u00a0Schaum- und 900\u00a0Dichtstoffrezepturen j\u00e4hrlich mit Umsetzung komplizierter Rezepturen<\/li>\n<li>Umfassende Kapazit\u00e4t<\/li>\n<\/ul>\n                                                    <\/div>\n                    \n                                            <nav class=\"buttons d-flex flex-md-row flex-column align-items-md-center align-items-start justify-content-start\" aria-label=\"Page actions\">\n                                                                                                                                    <a class=\"btn\" href=\"#contact\" target=\"\" rel=\"noopener noreferrer\">Kontaktieren Sie uns<\/a>\n                                                                                                        <a class=\"btn\" href=\"https:\/\/www.wolf-group.com\/de\/karrierezentrum\/\" target=\"\" rel=\"noopener noreferrer\">Stellen bei der Wolf Group<\/a>\n                                                            \n                                                                                            <a class=\"btn-next ms-auto\" href=\"https:\/\/www.wolf-group.com\/de\/unsere-produktionsstatten\/wolf-group-libatse\/\" target=\"_self\">\n                                    <span>Libatse Produktionsst\u00e4tte<\/span>\n                                    <svg xmlns=\"http:\/\/www.w3.org\/2000\/svg\" width=\"18\" height=\"12\" viewBox=\"0 0 18 12\" fill=\"none\" aria-hidden=\"true\" focusable=\"false\">\n                                        <path d=\"M1 6H17M12 1L17 6L12 11\" stroke=\"currentColor\" stroke-width=\"1.5\" stroke-linecap=\"round\" stroke-linejoin=\"round\"\/>\n                                    <\/svg>\n                                <\/a>\n                                                    <\/nav>\n                                    <\/div>\n            <\/div>\n        <\/div>\n        <img decoding=\"async\" class=\"bg_elem no-lazy\" src=\"https:\/\/www.wolf-group.com\/de\/wp-content\/themes\/wolfgroup\/images\/bg_elem.png\" width=\"2940\" height=\"2380\" alt=\"\" role=\"presentation\" \/>\n    <\/section>\n\n\n\n    <div id=\"production-content-block_753b7414d596266fdbe739062152a366\" class=\"production-content-block\">\n        <div class=\"inside_wrap grey_bg\">\n            <div class=\"container\">\n                <div class=\"row align-items-center flex-md-nowrap\">\n                    <div class=\"content col col-12\">\n                                                    <h2><strong>Qualit\u00e4t und Umwelt<\/strong><\/h2>\n<p>&nbsp;<\/p>\n<h4>ISO-Managementsysteme<\/h4>\n<p>Das Managementsystem der Wolf Group O\u00dc entspricht den Anforderungen des Qualit\u00e4tsmanagements<br \/>\nentsprechend der Norm ISO 9001:2015, der Umweltmanagementnorm ISO 14001:2015 und der Gesundheits- und Sicherheitsmanagementnorm 45001:201<\/p>\n<p>Die folgenden Zertifikate wurden dem Unternehmen:<\/p>\n<p><a href=\"https:\/\/www.wolf-group.com\/de\/wp-content\/uploads\/sites\/4\/2024\/07\/9001-ENG.pdf\" target=\"_blank\" rel=\"noopener\">ISO 9001:2015 Wolf Group O\u00dc<\/a><br \/>\n<a href=\"https:\/\/www.wolf-group.com\/de\/wp-content\/uploads\/sites\/4\/2024\/07\/14001-ENG.pdf\" target=\"_blank\" rel=\"noopener\">ISO 14001:2015 Wolf Group O\u00dc<\/a><br \/>\n<a href=\"https:\/\/www.wolf-group.com\/de\/wp-content\/uploads\/sites\/4\/2024\/07\/45001-ENG.pdf\">ISO 45001:2015 Wolf Group O\u00dc<\/a><\/p>\n<p>&nbsp;<\/p>\n<h4>Umweltprinzipien<\/h4>\n<ul>\n<li>Da unsere Aktivit\u00e4ten Auswirkungen auf die Umwelt haben, verpflichten wir uns, unser Umweltmanagementsystem kontinuierlich zu verbessern.<\/li>\n<li>Wir bewerten regelm\u00e4\u00dfig Umweltaspekte, um Verschmutzungsrisiken zu erkennen, zu minimieren und zu vermeiden.<\/li>\n<li>Wir arbeiten mit unseren Gesch\u00e4ftspartnern und Lieferanten zusammen, um \u00f6kologische Nachhaltigkeit zu gew\u00e4hrleisten.<\/li>\n<li>Wir \u00fcberwachen kontinuierlich unseren Verbrauch an nat\u00fcrlichen Ressourcen und bem\u00fchen uns, ihn zu reduzieren.<\/li>\n<li>Unsere Produkte werden auf umweltvertr\u00e4gliche Weise entwickelt und hergestellt und unsere Prozesse entsprechen den gesetzlichen Anforderungen.<\/li>\n<\/ul>\n<h4>Qualit\u00e4tsprinzipien<\/h4>\n<ul>\n<li>Wir bieten unseren Kunden qualitativ hochwertige Produkte und zuverl\u00e4ssige Mehrwertl\u00f6sungen. Unsere Produkte entsprechen den gesetzlichen Vorschriften, werden p\u00fcnktlich geliefert und erf\u00fcllen die Bed\u00fcrfnisse und Erwartungen unserer Kunden.<\/li>\n<li>Wir sind bestrebt, harmonische Kundenbeziehungen aufzubauen und zu pflegen.<\/li>\n<li>Wir streben nach einer kontinuierlichen Verbesserung unserer Produkte und Prozesse, um die Kundenzufriedenheit zu steigern.<\/li>\n<li>Unsere Produkte und Aktivit\u00e4ten werden mit einem effektiven Qualit\u00e4tsmanagementsystem verwaltet, das st\u00e4ndig verbessert wird.<\/li>\n<li>Wir stellen sicher, dass unsere Mitarbeiter geschult werden und \u00fcber die erforderliche Kompetenz verf\u00fcgen, um fachgerecht in ihren Funktionen handeln zu k\u00f6nnen. Unser Arbeitsumfeld entspricht den Anforderungen des Arbeits- und Gesundheitsschutzes.<\/li>\n<li>Wir sorgen f\u00fcr finanzielle Nachhaltigkeit in unserer Unternehmensleistung und streben eine innovative Unternehmenskultur an.<\/li>\n<\/ul>\n                                                                            <div class=\"buttons d-flex justify-content-md-start justify-content-center\">\n\t\t\t\t\t\t\t\t\t\t\t\t\t\t\t\t\t\t\t\t\t\t\t\t\t\t<a class=\"btn\" href=\"https:\/\/www.wolf-group.com\/de\/wp-content\/uploads\/sites\/4\/2024\/04\/Quality-Environmental-and-Safety-policy.pdf\" target=\"\">Lesen Sie mehr<\/a>\n\t\t\t\t\t\t\t\t                            <\/div>\n                                            <\/div>\n                <\/div>\n            <\/div>\n        <\/div>\n    <\/div>\n\n\n\n    <div id=\"production-content-block_04ccc8d191272fd2c35a7ef17f208331\" class=\"production-content-block\">\n        <div class=\"inside_wrap\">\n            <div class=\"container\">\n                <div class=\"row align-items-center flex-md-nowrap\">\n                    <div class=\"content col col-12\">\n                                                    <h2><strong>Sicherheit <\/strong><\/h2>\n<p>Wolf Group O\u00dc legt gro\u00dfen Wert auf Sicherheit und h\u00e4lt alle gesetzlichen Anforderungen ein.<\/p>\n                                                                            <div class=\"buttons d-flex justify-content-md-start justify-content-center\">\n\t\t\t\t\t\t\t\t\t\t\t\t\t\t\t\t\t\t\t\t\t\t\t\t\t\t<a class=\"btn\" href=\"https:\/\/www.wolf-group.com\/de\/wp-content\/uploads\/sites\/4\/2022\/10\/Information-about-safety-precautions-and-accidents.pdf\" target=\"_blank\">Informationen zu Sicherheitsvorkehrungen und Unf\u00e4llen<\/a>\n\t\t\t\t\t\t\t\t                            <\/div>\n                                            <\/div>\n                <\/div>\n            <\/div>\n        <\/div>\n    <\/div>\n\n\n\n    <div id=\"production-content-block_60b35627f93528a383ee43a16e699063\" class=\"production-content-block\">\n        <div class=\"inside_wrap grey_bg\">\n            <div class=\"container\">\n                <div class=\"row align-items-center flex-md-nowrap\">\n                    <div class=\"content col col-12\">\n                                                    <h2><strong>Einkaufsbedingungen<\/strong><\/h2>\n<p>Wolf Group\u00b4s conditions of purchase are available for downloading.<\/p>\n                                                                            <div class=\"buttons d-flex justify-content-md-start justify-content-center\">\n\t\t\t\t\t\t\t\t\t\t\t\t\t\t\t\t\t\t\t\t\t\t\t\t\t\t<a class=\"btn\" href=\"https:\/\/www.wolf-group.com\/de\/wp-content\/uploads\/sites\/4\/2022\/06\/General-Purchase-terms-and-Conditions.pdf\" target=\"_blank\">Einkaufsbedingungen der Wolf Group<\/a>\n\t\t\t\t\t\t\t\t                            <\/div>\n                                            <\/div>\n                <\/div>\n            <\/div>\n        <\/div>\n    <\/div>\n\n\n\n    <div id=\"production-content-block_c0c1745a354f9ee533d6e94511091c1d\" class=\"production-content-block\">\n        <div class=\"inside_wrap\">\n            <div class=\"container\">\n                <div class=\"row align-items-center flex-md-nowrap\">\n                    <div class=\"content col col-12\">\n                                                    <h2><strong>Investitionen von Enterprise Estonia<\/strong><\/h2>\n<p><strong>Produktentwicklungsprojekt der Wolf Group<\/strong><\/p>\n<p><img decoding=\"async\" width=\"1024\" height=\"298\" class=\"alignnone size-full wp-image-25935\" src=\"https:\/\/www.wolf-group.com\/de\/wp-content\/uploads\/sites\/4\/2022\/06\/EAS_SF_RGB_ENG-1024x298-1.png\" alt=\"\" \/><\/p>\n<p><strong>F\u00f6rderma\u00dfnahme: Unterst\u00fctzung der Produktentwicklung in Unternehmen, die von COVID-19 betroffen sind, f\u00fcr den Zeitraum <\/strong><strong>2019<\/strong><strong>\u20132020<\/strong><\/p>\n<p><strong>Finanziert durch die EU als Reaktion auf die COVID-19-Pandemie<\/strong><\/p>\n<p><strong>Projektzeitraum: 01.10.2020\u201331.07.2023<\/strong><\/p>\n<p><strong>Das Projekt umfasst die im Folgenden aufgef\u00fchrten Produktentwicklungen.<\/strong><\/p>\n<p>&nbsp;<\/p>\n<h4><strong>Mehr menschen- und umweltfreundliche Produkte im Kontext wachsender Markterwartungen<\/strong><\/h4>\n<p>Ziel ist es dabei, Produkte mit niedrigem VOC-Gehalt (Volatile Organic Compound) sowie Produkte aus f\u00fcr den Menschen die und Umwelt unbedenklicheren Rohstoffen zu entwickeln, die den immer strengeren Erwartungen und Grenzwerten auf den Exportm\u00e4rkten gerecht werden. Dies wird zur Entwicklung und Zulassung von Produkten f\u00fchren, die die Anforderungen der Zulassungen EC1+, M1, BvB, Sintef, Basta usw. erf\u00fcllen. Das Ergebnis werden sieben neue Produkte mit einem niedrigeren VOC-Gehalt sein, die unter Ber\u00fccksichtigung immer strengerer Gesetze und Beschr\u00e4nkungen f\u00fcr verschiedene chemische Verbindungen entwickelt wurden.<\/p>\n<h4><strong>Feuerbest\u00e4ndige Produkte und Produkte mit verbessertem Brandverhalten <\/strong><\/h4>\n<p>Ziel ist es, neue Produkte zu entwickeln, welche die Feuerbest\u00e4ndigkeit bestehender Baumaterialien und Geb\u00e4uden verbessern. Das Ergebnis werden sechs neue Produkte sein, die den Feuerwiderstand von Geb\u00e4uden und verschiedenen Bauteilen verbessern.<\/p>\n<h4><strong>Entwicklung eines 1-komponentigen und schnell aush\u00e4rtenden Polyurethanschaums<\/strong><\/h4>\n<p>Ziel ist es, 1-komponentige, schnell aush\u00e4rtende Polyurethan-Schaumstoffe zu entwickeln, die den Bau beschleunigen und somit die Kosten und den \u00f6kologischen Fu\u00dfabdruck reduzieren. Das Ergebnis werden zwei neue 1-Komponenten-Polyurethan-Schaumstoffe sein.<\/p>\n<p>Die von Enterprise\u00a0Estonia gew\u00e4hrte F\u00f6rderung betr\u00e4gt 477.933,75\u00a0Euro.<\/p>\n<p>Das Projekt wird vom Europ\u00e4ischen Fonds f\u00fcr regionale Entwicklung gef\u00f6rdert.<\/p>\n<h2>Investition der Wolf Group in Ressourceneffizienz<\/h2>\n<h4><strong>Zusammenfassung des Projekts<\/strong><\/h4>\n<p>Im Zuge der Investition wird die Wolf\u00a0Group\u00a0O\u00dc eine neue Kartuschenform f\u00fcr Fugendichtstoffe anschaffen, das Einsetzen von Schutzhandschuhen in die Kappen von Bauschaumzylindern automatisieren und die Umspannanlage umbauen. Die Wolf\u00a0Group\u00a0O\u00dc wird die Produktion effizienter gestalten, indem der Einsatz von Rohstoffen und Energie durch die Einf\u00fchrung neuer Technologien reduziert wird. Der Energieverbrauch wird um 1\u00a0% sinken und die Kosten f\u00fcr Blindarbeit gegen null gehen. Dar\u00fcber hinaus reduziert die Wolf Group O\u00dc die Menge der zugekauften Kartuschen und wird mehr davon selbst produzieren.<\/p>\n<h4><strong>Zielsetzung und Ergebnis des Projekts<\/strong><\/h4>\n<p>Ziele des Projektes sind die Installation einer neuen und kosteng\u00fcnstigeren Vorrichtung anstelle der derzeitigen Kartuschenform, die Automatisierung des Einsetzens von Handschuhen sowie die Reduzierung der Blindarbeit und des Stromverbrauchs. Als Ergebnis des Projekts wird es weniger Abfall geben, wodurch der Rohstoffverbrauch pro Produktionseinheit verringert wird. Dar\u00fcber hinaus wird die Einf\u00fchrung neuer Ger\u00e4te den Stromverbrauch reduzieren, da diese effizienter sind als die alten. Au\u00dferdem werden keine Kosten mehr f\u00fcr Blindarbeit anfallen.<\/p>\n<p>Die H\u00f6he der F\u00f6rderung betr\u00e4gt 192.500\u00a0Euro.<\/p>\n                                                                    <\/div>\n                <\/div>\n            <\/div>\n        <\/div>\n    <\/div>\n","protected":false},"excerpt":{"rendered":"","protected":false},"author":1,"featured_media":0,"parent":27501,"menu_order":17,"comment_status":"closed","ping_status":"closed","template":"","meta":{"_acf_changed":false,"footnotes":""},"class_list":["post-27504","page","type-page","status-publish","hentry"],"acf":[],"yoast_head":"<!-- This site is optimized with the Yoast SEO plugin v27.3 - https:\/\/yoast.com\/product\/yoast-seo-wordpress\/ -->\n<title>Tallinn - Wolf Group German<\/title>\n<meta name=\"robots\" content=\"index, follow, max-snippet:-1, max-image-preview:large, max-video-preview:-1\" \/>\n<link rel=\"canonical\" href=\"https:\/\/www.wolf-group.com\/de\/unsere-produktionsstatten\/tallinn\/\" \/>\n<meta property=\"og:locale\" content=\"de_DE\" \/>\n<meta property=\"og:type\" content=\"article\" \/>\n<meta property=\"og:title\" content=\"Tallinn - Wolf Group German\" \/>\n<meta property=\"og:url\" content=\"https:\/\/www.wolf-group.com\/de\/unsere-produktionsstatten\/tallinn\/\" \/>\n<meta property=\"og:site_name\" content=\"Wolf Group German\" \/>\n<meta property=\"article:modified_time\" content=\"2026-04-01T07:42:50+00:00\" \/>\n<meta name=\"twitter:card\" content=\"summary_large_image\" \/>\n<script type=\"application\/ld+json\" class=\"yoast-schema-graph\">{\"@context\":\"https:\\\/\\\/schema.org\",\"@graph\":[{\"@type\":\"WebPage\",\"@id\":\"https:\\\/\\\/www.wolf-group.com\\\/de\\\/unsere-produktionsstatten\\\/tallinn\\\/\",\"url\":\"https:\\\/\\\/www.wolf-group.com\\\/de\\\/unsere-produktionsstatten\\\/tallinn\\\/\",\"name\":\"Tallinn - Wolf Group German\",\"isPartOf\":{\"@id\":\"https:\\\/\\\/www.wolf-group.com\\\/de\\\/#website\"},\"datePublished\":\"2022-04-06T08:55:14+00:00\",\"dateModified\":\"2026-04-01T07:42:50+00:00\",\"breadcrumb\":{\"@id\":\"https:\\\/\\\/www.wolf-group.com\\\/de\\\/unsere-produktionsstatten\\\/tallinn\\\/#breadcrumb\"},\"inLanguage\":\"de\",\"potentialAction\":[{\"@type\":\"ReadAction\",\"target\":[\"https:\\\/\\\/www.wolf-group.com\\\/de\\\/unsere-produktionsstatten\\\/tallinn\\\/\"]}]},{\"@type\":\"BreadcrumbList\",\"@id\":\"https:\\\/\\\/www.wolf-group.com\\\/de\\\/unsere-produktionsstatten\\\/tallinn\\\/#breadcrumb\",\"itemListElement\":[{\"@type\":\"ListItem\",\"position\":1,\"name\":\"Startseite\",\"item\":\"https:\\\/\\\/www.wolf-group.com\\\/de\\\/\"},{\"@type\":\"ListItem\",\"position\":2,\"name\":\"Unsere Produktionsst\u00e4tten\",\"item\":\"https:\\\/\\\/www.wolf-group.com\\\/de\\\/unsere-produktionsstatten\\\/\"},{\"@type\":\"ListItem\",\"position\":3,\"name\":\"Tallinn\"}]},{\"@type\":\"WebSite\",\"@id\":\"https:\\\/\\\/www.wolf-group.com\\\/de\\\/#website\",\"url\":\"https:\\\/\\\/www.wolf-group.com\\\/de\\\/\",\"name\":\"Wolf Group German\",\"description\":\"construction chemistry products and solutions manufacturer\",\"publisher\":{\"@id\":\"https:\\\/\\\/www.wolf-group.com\\\/de\\\/#organization\"},\"potentialAction\":[{\"@type\":\"SearchAction\",\"target\":{\"@type\":\"EntryPoint\",\"urlTemplate\":\"https:\\\/\\\/www.wolf-group.com\\\/de\\\/?s={search_term_string}\"},\"query-input\":{\"@type\":\"PropertyValueSpecification\",\"valueRequired\":true,\"valueName\":\"search_term_string\"}}],\"inLanguage\":\"de\"},{\"@type\":\"Organization\",\"@id\":\"https:\\\/\\\/www.wolf-group.com\\\/de\\\/#organization\",\"name\":\"Wolf Group German\",\"url\":\"https:\\\/\\\/www.wolf-group.com\\\/de\\\/\",\"logo\":{\"@type\":\"ImageObject\",\"inLanguage\":\"de\",\"@id\":\"https:\\\/\\\/www.wolf-group.com\\\/de\\\/#\\\/schema\\\/logo\\\/image\\\/\",\"url\":\"https:\\\/\\\/www.wolf-group.com\\\/de\\\/wp-content\\\/uploads\\\/sites\\\/4\\\/2022\\\/04\\\/wolfgroup-logo.svg\",\"contentUrl\":\"https:\\\/\\\/www.wolf-group.com\\\/de\\\/wp-content\\\/uploads\\\/sites\\\/4\\\/2022\\\/04\\\/wolfgroup-logo.svg\",\"width\":155,\"height\":46,\"caption\":\"Wolf Group German\"},\"image\":{\"@id\":\"https:\\\/\\\/www.wolf-group.com\\\/de\\\/#\\\/schema\\\/logo\\\/image\\\/\"}}]}<\/script>\n<!-- \/ Yoast SEO plugin. -->","yoast_head_json":{"title":"Tallinn - Wolf Group German","robots":{"index":"index","follow":"follow","max-snippet":"max-snippet:-1","max-image-preview":"max-image-preview:large","max-video-preview":"max-video-preview:-1"},"canonical":"https:\/\/www.wolf-group.com\/de\/unsere-produktionsstatten\/tallinn\/","og_locale":"de_DE","og_type":"article","og_title":"Tallinn - Wolf Group German","og_url":"https:\/\/www.wolf-group.com\/de\/unsere-produktionsstatten\/tallinn\/","og_site_name":"Wolf Group German","article_modified_time":"2026-04-01T07:42:50+00:00","twitter_card":"summary_large_image","schema":{"@context":"https:\/\/schema.org","@graph":[{"@type":"WebPage","@id":"https:\/\/www.wolf-group.com\/de\/unsere-produktionsstatten\/tallinn\/","url":"https:\/\/www.wolf-group.com\/de\/unsere-produktionsstatten\/tallinn\/","name":"Tallinn - Wolf Group German","isPartOf":{"@id":"https:\/\/www.wolf-group.com\/de\/#website"},"datePublished":"2022-04-06T08:55:14+00:00","dateModified":"2026-04-01T07:42:50+00:00","breadcrumb":{"@id":"https:\/\/www.wolf-group.com\/de\/unsere-produktionsstatten\/tallinn\/#breadcrumb"},"inLanguage":"de","potentialAction":[{"@type":"ReadAction","target":["https:\/\/www.wolf-group.com\/de\/unsere-produktionsstatten\/tallinn\/"]}]},{"@type":"BreadcrumbList","@id":"https:\/\/www.wolf-group.com\/de\/unsere-produktionsstatten\/tallinn\/#breadcrumb","itemListElement":[{"@type":"ListItem","position":1,"name":"Startseite","item":"https:\/\/www.wolf-group.com\/de\/"},{"@type":"ListItem","position":2,"name":"Unsere Produktionsst\u00e4tten","item":"https:\/\/www.wolf-group.com\/de\/unsere-produktionsstatten\/"},{"@type":"ListItem","position":3,"name":"Tallinn"}]},{"@type":"WebSite","@id":"https:\/\/www.wolf-group.com\/de\/#website","url":"https:\/\/www.wolf-group.com\/de\/","name":"Wolf Group German","description":"construction chemistry products and solutions manufacturer","publisher":{"@id":"https:\/\/www.wolf-group.com\/de\/#organization"},"potentialAction":[{"@type":"SearchAction","target":{"@type":"EntryPoint","urlTemplate":"https:\/\/www.wolf-group.com\/de\/?s={search_term_string}"},"query-input":{"@type":"PropertyValueSpecification","valueRequired":true,"valueName":"search_term_string"}}],"inLanguage":"de"},{"@type":"Organization","@id":"https:\/\/www.wolf-group.com\/de\/#organization","name":"Wolf Group German","url":"https:\/\/www.wolf-group.com\/de\/","logo":{"@type":"ImageObject","inLanguage":"de","@id":"https:\/\/www.wolf-group.com\/de\/#\/schema\/logo\/image\/","url":"https:\/\/www.wolf-group.com\/de\/wp-content\/uploads\/sites\/4\/2022\/04\/wolfgroup-logo.svg","contentUrl":"https:\/\/www.wolf-group.com\/de\/wp-content\/uploads\/sites\/4\/2022\/04\/wolfgroup-logo.svg","width":155,"height":46,"caption":"Wolf Group German"},"image":{"@id":"https:\/\/www.wolf-group.com\/de\/#\/schema\/logo\/image\/"}}]}},"_links":{"self":[{"href":"https:\/\/www.wolf-group.com\/de\/wp-json\/wp\/v2\/pages\/27504","targetHints":{"allow":["GET"]}}],"collection":[{"href":"https:\/\/www.wolf-group.com\/de\/wp-json\/wp\/v2\/pages"}],"about":[{"href":"https:\/\/www.wolf-group.com\/de\/wp-json\/wp\/v2\/types\/page"}],"author":[{"embeddable":true,"href":"https:\/\/www.wolf-group.com\/de\/wp-json\/wp\/v2\/users\/1"}],"replies":[{"embeddable":true,"href":"https:\/\/www.wolf-group.com\/de\/wp-json\/wp\/v2\/comments?post=27504"}],"version-history":[{"count":37,"href":"https:\/\/www.wolf-group.com\/de\/wp-json\/wp\/v2\/pages\/27504\/revisions"}],"predecessor-version":[{"id":30552,"href":"https:\/\/www.wolf-group.com\/de\/wp-json\/wp\/v2\/pages\/27504\/revisions\/30552"}],"up":[{"embeddable":true,"href":"https:\/\/www.wolf-group.com\/de\/wp-json\/wp\/v2\/pages\/27501"}],"wp:attachment":[{"href":"https:\/\/www.wolf-group.com\/de\/wp-json\/wp\/v2\/media?parent=27504"}],"curies":[{"name":"wp","href":"https:\/\/api.w.org\/{rel}","templated":true}]}}