{"id":27487,"date":"2022-04-08T15:18:37","date_gmt":"2022-04-08T12:18:37","guid":{"rendered":"https:\/\/wolfgroupnew.rktv.ee\/de\/about-us\/we-save-energy\/renewable-energy\/"},"modified":"2024-01-29T15:16:29","modified_gmt":"2024-01-29T12:16:29","slug":"nachhaltige-energie","status":"publish","type":"page","link":"https:\/\/www.wolf-group.com\/de\/wolf-group-unternehmen\/we-save-energy\/nachhaltige-energie\/","title":{"rendered":"Nachhaltige Energie"},"content":{"rendered":"\n    <div id=\"wse-grid-block_93d64e8f5dfe0107fa657443d1ad4a5e\" class=\"wse-grid-block\">\n        <div class=\"container\">\n                            <div class=\"block_intro\">\n                    <h2 class=\"has-text-align-center\" style=\"text-align: center;\"><strong>Wir werden den \u00f6kologischen Fu\u00dfabdruck in der Produktion verbessern. Unsere Produktionsst\u00e4tten in Tallinn und Gava werden bereits zu 100% mit Strom aus erneuerbaren Energiequellen versorgt. Unser Ziel ist es, bis 2030 alle unsere Standorte zu 100% auf erneuerbare Energie umzustellen.<\/strong><\/h2>\r\n<section class=\"c-green-video-block c-green-video-block--right\">\r\n<div class=\"c-green-video-block__content\"><\/div>\r\n<\/section>                <\/div>\n                                        <div class=\"grid\">\n                                                                    <div class=\"grid_item row align-items-center\">\n                            <div class=\"col col-md-6 col-12\">\n                                <div class=\"content_container\">\n                                    <p>Wir haben uns zum Ziel gesetzt, uns bei allem, was wir tun, von umweltfreundlichen Entscheidungen leiten zu lassen, weniger Energie aus fossilen Brennstoffen zu verbrauchen und verst\u00e4rkt auf erneuerbare Energien zur\u00fcckzugreifen. Unser gesamter Strom ist nachhaltig und verf\u00fcgt \u00fcber entsprechende Zertifikate.<\/p>\n<p>In unseren Wolf-Group-Produktionsst\u00e4tten in Tallinn und Barcelona nutzen wir seit 2021 sowohl in unseren B\u00fcros als auch in unseren Fabriken 100% \u00d6kostrom aus Sonnen- und Windenergie. Mit der Beteiligung an der Initiative f\u00fcr\u00a0<a href=\"https:\/\/www.wolf-group.com\/de\/wp-content\/uploads\/sites\/4\/2024\/01\/CancellationStatement_Wolf-Group-2023.01-ENG.pdf\" target=\"_blank\" rel=\"noopener\">\u201egr\u00fcne Zertifikate\u201c<\/a>\u00a0tragen wir zum Bau von Solarparks und zur Erhaltung von Urw\u00e4ldern bei. Wir verwenden keinen Strom, der durch die Verbrennung von Biomasse oder Holzabf\u00e4llen erzeugt wurde.<\/p>\n<p>70-75% unseres Energieverbrauchs entfallen auf Elektrizit\u00e4t. Zwischen 2018 und 2019 haben wir unsere gesamte Beleuchtung durch LED-Leuchten ersetzt: Allein dadurch ist unser Stromverbrauch um 18% gesunken.<\/p>\n<p>Wir wollen bis 2030 den \u00dcbergang auf Biogas durchf\u00fchren. Einen gro\u00dfen Schritt in Richtung Energieeffizienz haben wir vor vier Jahren in Angriff genommen, als wir die Heizungsanlage in der Produktionsst\u00e4tte der Wolf Group in Tallinn umgebaut haben, wodurch wir unsere CO<sub>2<\/sub>-Emissionen um 40% reduziert haben.<\/p>\n                                <\/div>\n                            <\/div>\n                            <div class=\"col col-md-6 col-12\">\n\t\t\t\t\t\t\t\t\t\t\t\t\t\t\t\t\t<div class=\"video_container\">\n\t\t\t\t\t\t\t\t\t\t<video src=\"https:\/\/www.wolf-group.com\/de\/wp-content\/uploads\/sites\/4\/2022\/07\/drone.mov\" autoplay=\"\" muted=\"\" loop=\"\" playsinline=\"\"><\/video>\n\t\t\t\t\t\t\t\t\t<\/div>\n\t\t\t\t\t\t\t\t                            <\/div>\n                        <\/div>\n                                    <\/div>\n                    <\/div>\n    <\/div>\n","protected":false},"excerpt":{"rendered":"","protected":false},"author":1,"featured_media":0,"parent":27470,"menu_order":11,"comment_status":"closed","ping_status":"closed","template":"page-templates\/template-wse.php","meta":{"_acf_changed":false,"footnotes":""},"class_list":["post-27487","page","type-page","status-publish","hentry"],"acf":[],"yoast_head":"<!-- This site is optimized with the Yoast SEO plugin v27.3 - https:\/\/yoast.com\/product\/yoast-seo-wordpress\/ -->\n<title>Nachhaltige Energie - Wolf Group German<\/title>\n<meta name=\"robots\" content=\"index, follow, max-snippet:-1, max-image-preview:large, max-video-preview:-1\" \/>\n<link rel=\"canonical\" href=\"https:\/\/www.wolf-group.com\/de\/wolf-group-unternehmen\/we-save-energy\/nachhaltige-energie\/\" \/>\n<meta property=\"og:locale\" content=\"de_DE\" \/>\n<meta property=\"og:type\" content=\"article\" \/>\n<meta property=\"og:title\" content=\"Nachhaltige Energie - Wolf Group German\" \/>\n<meta property=\"og:url\" content=\"https:\/\/www.wolf-group.com\/de\/wolf-group-unternehmen\/we-save-energy\/nachhaltige-energie\/\" \/>\n<meta property=\"og:site_name\" content=\"Wolf Group German\" \/>\n<meta property=\"article:modified_time\" content=\"2024-01-29T12:16:29+00:00\" \/>\n<meta name=\"twitter:card\" content=\"summary_large_image\" \/>\n<script type=\"application\/ld+json\" class=\"yoast-schema-graph\">{\"@context\":\"https:\\\/\\\/schema.org\",\"@graph\":[{\"@type\":\"WebPage\",\"@id\":\"https:\\\/\\\/www.wolf-group.com\\\/de\\\/wolf-group-unternehmen\\\/we-save-energy\\\/nachhaltige-energie\\\/\",\"url\":\"https:\\\/\\\/www.wolf-group.com\\\/de\\\/wolf-group-unternehmen\\\/we-save-energy\\\/nachhaltige-energie\\\/\",\"name\":\"Nachhaltige Energie - Wolf Group German\",\"isPartOf\":{\"@id\":\"https:\\\/\\\/www.wolf-group.com\\\/de\\\/#website\"},\"datePublished\":\"2022-04-08T12:18:37+00:00\",\"dateModified\":\"2024-01-29T12:16:29+00:00\",\"breadcrumb\":{\"@id\":\"https:\\\/\\\/www.wolf-group.com\\\/de\\\/wolf-group-unternehmen\\\/we-save-energy\\\/nachhaltige-energie\\\/#breadcrumb\"},\"inLanguage\":\"de\",\"potentialAction\":[{\"@type\":\"ReadAction\",\"target\":[\"https:\\\/\\\/www.wolf-group.com\\\/de\\\/wolf-group-unternehmen\\\/we-save-energy\\\/nachhaltige-energie\\\/\"]}]},{\"@type\":\"BreadcrumbList\",\"@id\":\"https:\\\/\\\/www.wolf-group.com\\\/de\\\/wolf-group-unternehmen\\\/we-save-energy\\\/nachhaltige-energie\\\/#breadcrumb\",\"itemListElement\":[{\"@type\":\"ListItem\",\"position\":1,\"name\":\"Startseite\",\"item\":\"https:\\\/\\\/www.wolf-group.com\\\/de\\\/\"},{\"@type\":\"ListItem\",\"position\":2,\"name\":\"Unternehmen\",\"item\":\"https:\\\/\\\/www.wolf-group.com\\\/de\\\/wolf-group-unternehmen\\\/\"},{\"@type\":\"ListItem\",\"position\":3,\"name\":\"We save energy\",\"item\":\"https:\\\/\\\/www.wolf-group.com\\\/de\\\/wolf-group-unternehmen\\\/we-save-energy\\\/\"},{\"@type\":\"ListItem\",\"position\":4,\"name\":\"Nachhaltige Energie\"}]},{\"@type\":\"WebSite\",\"@id\":\"https:\\\/\\\/www.wolf-group.com\\\/de\\\/#website\",\"url\":\"https:\\\/\\\/www.wolf-group.com\\\/de\\\/\",\"name\":\"Wolf Group German\",\"description\":\"construction chemistry products and solutions manufacturer\",\"publisher\":{\"@id\":\"https:\\\/\\\/www.wolf-group.com\\\/de\\\/#organization\"},\"potentialAction\":[{\"@type\":\"SearchAction\",\"target\":{\"@type\":\"EntryPoint\",\"urlTemplate\":\"https:\\\/\\\/www.wolf-group.com\\\/de\\\/?s={search_term_string}\"},\"query-input\":{\"@type\":\"PropertyValueSpecification\",\"valueRequired\":true,\"valueName\":\"search_term_string\"}}],\"inLanguage\":\"de\"},{\"@type\":\"Organization\",\"@id\":\"https:\\\/\\\/www.wolf-group.com\\\/de\\\/#organization\",\"name\":\"Wolf Group German\",\"url\":\"https:\\\/\\\/www.wolf-group.com\\\/de\\\/\",\"logo\":{\"@type\":\"ImageObject\",\"inLanguage\":\"de\",\"@id\":\"https:\\\/\\\/www.wolf-group.com\\\/de\\\/#\\\/schema\\\/logo\\\/image\\\/\",\"url\":\"https:\\\/\\\/www.wolf-group.com\\\/de\\\/wp-content\\\/uploads\\\/sites\\\/4\\\/2022\\\/04\\\/wolfgroup-logo.svg\",\"contentUrl\":\"https:\\\/\\\/www.wolf-group.com\\\/de\\\/wp-content\\\/uploads\\\/sites\\\/4\\\/2022\\\/04\\\/wolfgroup-logo.svg\",\"width\":155,\"height\":46,\"caption\":\"Wolf Group German\"},\"image\":{\"@id\":\"https:\\\/\\\/www.wolf-group.com\\\/de\\\/#\\\/schema\\\/logo\\\/image\\\/\"}}]}<\/script>\n<!-- \/ Yoast SEO plugin. -->","yoast_head_json":{"title":"Nachhaltige Energie - Wolf Group German","robots":{"index":"index","follow":"follow","max-snippet":"max-snippet:-1","max-image-preview":"max-image-preview:large","max-video-preview":"max-video-preview:-1"},"canonical":"https:\/\/www.wolf-group.com\/de\/wolf-group-unternehmen\/we-save-energy\/nachhaltige-energie\/","og_locale":"de_DE","og_type":"article","og_title":"Nachhaltige Energie - Wolf Group German","og_url":"https:\/\/www.wolf-group.com\/de\/wolf-group-unternehmen\/we-save-energy\/nachhaltige-energie\/","og_site_name":"Wolf Group German","article_modified_time":"2024-01-29T12:16:29+00:00","twitter_card":"summary_large_image","schema":{"@context":"https:\/\/schema.org","@graph":[{"@type":"WebPage","@id":"https:\/\/www.wolf-group.com\/de\/wolf-group-unternehmen\/we-save-energy\/nachhaltige-energie\/","url":"https:\/\/www.wolf-group.com\/de\/wolf-group-unternehmen\/we-save-energy\/nachhaltige-energie\/","name":"Nachhaltige Energie - Wolf Group German","isPartOf":{"@id":"https:\/\/www.wolf-group.com\/de\/#website"},"datePublished":"2022-04-08T12:18:37+00:00","dateModified":"2024-01-29T12:16:29+00:00","breadcrumb":{"@id":"https:\/\/www.wolf-group.com\/de\/wolf-group-unternehmen\/we-save-energy\/nachhaltige-energie\/#breadcrumb"},"inLanguage":"de","potentialAction":[{"@type":"ReadAction","target":["https:\/\/www.wolf-group.com\/de\/wolf-group-unternehmen\/we-save-energy\/nachhaltige-energie\/"]}]},{"@type":"BreadcrumbList","@id":"https:\/\/www.wolf-group.com\/de\/wolf-group-unternehmen\/we-save-energy\/nachhaltige-energie\/#breadcrumb","itemListElement":[{"@type":"ListItem","position":1,"name":"Startseite","item":"https:\/\/www.wolf-group.com\/de\/"},{"@type":"ListItem","position":2,"name":"Unternehmen","item":"https:\/\/www.wolf-group.com\/de\/wolf-group-unternehmen\/"},{"@type":"ListItem","position":3,"name":"We save energy","item":"https:\/\/www.wolf-group.com\/de\/wolf-group-unternehmen\/we-save-energy\/"},{"@type":"ListItem","position":4,"name":"Nachhaltige Energie"}]},{"@type":"WebSite","@id":"https:\/\/www.wolf-group.com\/de\/#website","url":"https:\/\/www.wolf-group.com\/de\/","name":"Wolf Group German","description":"construction chemistry products and solutions manufacturer","publisher":{"@id":"https:\/\/www.wolf-group.com\/de\/#organization"},"potentialAction":[{"@type":"SearchAction","target":{"@type":"EntryPoint","urlTemplate":"https:\/\/www.wolf-group.com\/de\/?s={search_term_string}"},"query-input":{"@type":"PropertyValueSpecification","valueRequired":true,"valueName":"search_term_string"}}],"inLanguage":"de"},{"@type":"Organization","@id":"https:\/\/www.wolf-group.com\/de\/#organization","name":"Wolf Group German","url":"https:\/\/www.wolf-group.com\/de\/","logo":{"@type":"ImageObject","inLanguage":"de","@id":"https:\/\/www.wolf-group.com\/de\/#\/schema\/logo\/image\/","url":"https:\/\/www.wolf-group.com\/de\/wp-content\/uploads\/sites\/4\/2022\/04\/wolfgroup-logo.svg","contentUrl":"https:\/\/www.wolf-group.com\/de\/wp-content\/uploads\/sites\/4\/2022\/04\/wolfgroup-logo.svg","width":155,"height":46,"caption":"Wolf Group German"},"image":{"@id":"https:\/\/www.wolf-group.com\/de\/#\/schema\/logo\/image\/"}}]}},"_links":{"self":[{"href":"https:\/\/www.wolf-group.com\/de\/wp-json\/wp\/v2\/pages\/27487","targetHints":{"allow":["GET"]}}],"collection":[{"href":"https:\/\/www.wolf-group.com\/de\/wp-json\/wp\/v2\/pages"}],"about":[{"href":"https:\/\/www.wolf-group.com\/de\/wp-json\/wp\/v2\/types\/page"}],"author":[{"embeddable":true,"href":"https:\/\/www.wolf-group.com\/de\/wp-json\/wp\/v2\/users\/1"}],"replies":[{"embeddable":true,"href":"https:\/\/www.wolf-group.com\/de\/wp-json\/wp\/v2\/comments?post=27487"}],"version-history":[{"count":14,"href":"https:\/\/www.wolf-group.com\/de\/wp-json\/wp\/v2\/pages\/27487\/revisions"}],"predecessor-version":[{"id":29643,"href":"https:\/\/www.wolf-group.com\/de\/wp-json\/wp\/v2\/pages\/27487\/revisions\/29643"}],"up":[{"embeddable":true,"href":"https:\/\/www.wolf-group.com\/de\/wp-json\/wp\/v2\/pages\/27470"}],"wp:attachment":[{"href":"https:\/\/www.wolf-group.com\/de\/wp-json\/wp\/v2\/media?parent=27487"}],"curies":[{"name":"wp","href":"https:\/\/api.w.org\/{rel}","templated":true}]}}