{"id":27484,"date":"2022-04-08T15:17:46","date_gmt":"2022-04-08T12:17:46","guid":{"rendered":"https:\/\/wolfgroupnew.rktv.ee\/de\/about-us\/we-save-energy\/sustainable-solutions-and-future-technologies\/"},"modified":"2023-02-17T11:50:05","modified_gmt":"2023-02-17T08:50:05","slug":"nachhaltige-losungen","status":"publish","type":"page","link":"https:\/\/www.wolf-group.com\/de\/wolf-group-unternehmen\/we-save-energy\/nachhaltige-losungen\/","title":{"rendered":"Nachhaltige L\u00f6sungen und Zukunftstechnologien"},"content":{"rendered":"\n    <div id=\"wse-grid-block_4fe8cedea46488a074b96ab0368978ec\" class=\"wse-grid-block\">\n        <div class=\"container\">\n                                        <div class=\"grid\">\n                                                                    <div class=\"grid_item row align-items-center\">\n                            <div class=\"col col-md-6 col-12\">\n                                <div class=\"content_container\">\n                                    <h4>Das Ziel der Wolf Group ist es, durch nachhaltige und innovative L\u00f6sungen zu Zukunftstechnologien beizutragen.<\/h4>\n<p>Seit 2023 ist die Wolf Group Mitglied im Club der Innovationsleader. Es ist eine Gemeinschaft f\u00fcr Vision\u00e4re, die von Innovation inspiriert sind und deren gemeinsame Aktivit\u00e4ten zu neuartigen Zukunftsl\u00f6sungen f\u00fchren. Die Mitglieder des Clubs sind gro\u00dfe Unternehmen, Start-ups und Forschungseinrichtungen, die bew\u00e4hrte Verfahren austauschen, Kontakte kn\u00fcpfen und Kooperationsvereinbarungen abschlie\u00dfen.<\/p>\n                                <\/div>\n                            <\/div>\n                            <div class=\"col col-md-6 col-12\">\n\t\t\t\t\t\t\t\t\t\t\t\t\t\t\t\t\t\t\t\t\t\t\t\t\t\t<div class=\"image_container\">\n\t\t\t\t\t\t\t\t\t\t<img decoding=\"async\" src=\"https:\/\/www.wolf-group.com\/de\/wp-content\/uploads\/sites\/4\/2023\/02\/Tehnopol_logo_RGB.png\" width=\"1140\" height=\"755\" alt=\"\" \/>\n\t\t\t\t\t\t\t\t\t<\/div>\n\t\t\t\t\t\t\t\t                            <\/div>\n                        <\/div>\n                                    <\/div>\n                    <\/div>\n    <\/div>\n","protected":false},"excerpt":{"rendered":"","protected":false},"author":1,"featured_media":0,"parent":27470,"menu_order":10,"comment_status":"closed","ping_status":"closed","template":"page-templates\/template-wse.php","meta":{"_acf_changed":false,"footnotes":""},"class_list":["post-27484","page","type-page","status-publish","hentry"],"acf":[],"yoast_head":"<!-- This site is optimized with the Yoast SEO plugin v27.3 - https:\/\/yoast.com\/product\/yoast-seo-wordpress\/ -->\n<title>Nachhaltige L\u00f6sungen und Zukunftstechnologien - Wolf Group German<\/title>\n<meta name=\"robots\" content=\"index, follow, max-snippet:-1, max-image-preview:large, max-video-preview:-1\" \/>\n<link rel=\"canonical\" href=\"https:\/\/www.wolf-group.com\/de\/wolf-group-unternehmen\/we-save-energy\/nachhaltige-losungen\/\" \/>\n<meta property=\"og:locale\" content=\"de_DE\" \/>\n<meta property=\"og:type\" content=\"article\" \/>\n<meta property=\"og:title\" content=\"Nachhaltige L\u00f6sungen und Zukunftstechnologien - Wolf Group German\" \/>\n<meta property=\"og:url\" content=\"https:\/\/www.wolf-group.com\/de\/wolf-group-unternehmen\/we-save-energy\/nachhaltige-losungen\/\" \/>\n<meta property=\"og:site_name\" content=\"Wolf Group German\" \/>\n<meta property=\"article:modified_time\" content=\"2023-02-17T08:50:05+00:00\" \/>\n<meta name=\"twitter:card\" content=\"summary_large_image\" \/>\n<script type=\"application\/ld+json\" class=\"yoast-schema-graph\">{\"@context\":\"https:\\\/\\\/schema.org\",\"@graph\":[{\"@type\":\"WebPage\",\"@id\":\"https:\\\/\\\/www.wolf-group.com\\\/de\\\/wolf-group-unternehmen\\\/we-save-energy\\\/nachhaltige-losungen\\\/\",\"url\":\"https:\\\/\\\/www.wolf-group.com\\\/de\\\/wolf-group-unternehmen\\\/we-save-energy\\\/nachhaltige-losungen\\\/\",\"name\":\"Nachhaltige L\u00f6sungen und Zukunftstechnologien - Wolf Group German\",\"isPartOf\":{\"@id\":\"https:\\\/\\\/www.wolf-group.com\\\/de\\\/#website\"},\"datePublished\":\"2022-04-08T12:17:46+00:00\",\"dateModified\":\"2023-02-17T08:50:05+00:00\",\"breadcrumb\":{\"@id\":\"https:\\\/\\\/www.wolf-group.com\\\/de\\\/wolf-group-unternehmen\\\/we-save-energy\\\/nachhaltige-losungen\\\/#breadcrumb\"},\"inLanguage\":\"de\",\"potentialAction\":[{\"@type\":\"ReadAction\",\"target\":[\"https:\\\/\\\/www.wolf-group.com\\\/de\\\/wolf-group-unternehmen\\\/we-save-energy\\\/nachhaltige-losungen\\\/\"]}]},{\"@type\":\"BreadcrumbList\",\"@id\":\"https:\\\/\\\/www.wolf-group.com\\\/de\\\/wolf-group-unternehmen\\\/we-save-energy\\\/nachhaltige-losungen\\\/#breadcrumb\",\"itemListElement\":[{\"@type\":\"ListItem\",\"position\":1,\"name\":\"Startseite\",\"item\":\"https:\\\/\\\/www.wolf-group.com\\\/de\\\/\"},{\"@type\":\"ListItem\",\"position\":2,\"name\":\"Unternehmen\",\"item\":\"https:\\\/\\\/www.wolf-group.com\\\/de\\\/wolf-group-unternehmen\\\/\"},{\"@type\":\"ListItem\",\"position\":3,\"name\":\"We save energy\",\"item\":\"https:\\\/\\\/www.wolf-group.com\\\/de\\\/wolf-group-unternehmen\\\/we-save-energy\\\/\"},{\"@type\":\"ListItem\",\"position\":4,\"name\":\"Nachhaltige L\u00f6sungen und Zukunftstechnologien\"}]},{\"@type\":\"WebSite\",\"@id\":\"https:\\\/\\\/www.wolf-group.com\\\/de\\\/#website\",\"url\":\"https:\\\/\\\/www.wolf-group.com\\\/de\\\/\",\"name\":\"Wolf Group German\",\"description\":\"construction chemistry products and solutions manufacturer\",\"publisher\":{\"@id\":\"https:\\\/\\\/www.wolf-group.com\\\/de\\\/#organization\"},\"potentialAction\":[{\"@type\":\"SearchAction\",\"target\":{\"@type\":\"EntryPoint\",\"urlTemplate\":\"https:\\\/\\\/www.wolf-group.com\\\/de\\\/?s={search_term_string}\"},\"query-input\":{\"@type\":\"PropertyValueSpecification\",\"valueRequired\":true,\"valueName\":\"search_term_string\"}}],\"inLanguage\":\"de\"},{\"@type\":\"Organization\",\"@id\":\"https:\\\/\\\/www.wolf-group.com\\\/de\\\/#organization\",\"name\":\"Wolf Group German\",\"url\":\"https:\\\/\\\/www.wolf-group.com\\\/de\\\/\",\"logo\":{\"@type\":\"ImageObject\",\"inLanguage\":\"de\",\"@id\":\"https:\\\/\\\/www.wolf-group.com\\\/de\\\/#\\\/schema\\\/logo\\\/image\\\/\",\"url\":\"https:\\\/\\\/www.wolf-group.com\\\/de\\\/wp-content\\\/uploads\\\/sites\\\/4\\\/2022\\\/04\\\/wolfgroup-logo.svg\",\"contentUrl\":\"https:\\\/\\\/www.wolf-group.com\\\/de\\\/wp-content\\\/uploads\\\/sites\\\/4\\\/2022\\\/04\\\/wolfgroup-logo.svg\",\"width\":155,\"height\":46,\"caption\":\"Wolf Group German\"},\"image\":{\"@id\":\"https:\\\/\\\/www.wolf-group.com\\\/de\\\/#\\\/schema\\\/logo\\\/image\\\/\"}}]}<\/script>\n<!-- \/ Yoast SEO plugin. -->","yoast_head_json":{"title":"Nachhaltige L\u00f6sungen und Zukunftstechnologien - Wolf Group German","robots":{"index":"index","follow":"follow","max-snippet":"max-snippet:-1","max-image-preview":"max-image-preview:large","max-video-preview":"max-video-preview:-1"},"canonical":"https:\/\/www.wolf-group.com\/de\/wolf-group-unternehmen\/we-save-energy\/nachhaltige-losungen\/","og_locale":"de_DE","og_type":"article","og_title":"Nachhaltige L\u00f6sungen und Zukunftstechnologien - Wolf Group German","og_url":"https:\/\/www.wolf-group.com\/de\/wolf-group-unternehmen\/we-save-energy\/nachhaltige-losungen\/","og_site_name":"Wolf Group German","article_modified_time":"2023-02-17T08:50:05+00:00","twitter_card":"summary_large_image","schema":{"@context":"https:\/\/schema.org","@graph":[{"@type":"WebPage","@id":"https:\/\/www.wolf-group.com\/de\/wolf-group-unternehmen\/we-save-energy\/nachhaltige-losungen\/","url":"https:\/\/www.wolf-group.com\/de\/wolf-group-unternehmen\/we-save-energy\/nachhaltige-losungen\/","name":"Nachhaltige L\u00f6sungen und Zukunftstechnologien - Wolf Group German","isPartOf":{"@id":"https:\/\/www.wolf-group.com\/de\/#website"},"datePublished":"2022-04-08T12:17:46+00:00","dateModified":"2023-02-17T08:50:05+00:00","breadcrumb":{"@id":"https:\/\/www.wolf-group.com\/de\/wolf-group-unternehmen\/we-save-energy\/nachhaltige-losungen\/#breadcrumb"},"inLanguage":"de","potentialAction":[{"@type":"ReadAction","target":["https:\/\/www.wolf-group.com\/de\/wolf-group-unternehmen\/we-save-energy\/nachhaltige-losungen\/"]}]},{"@type":"BreadcrumbList","@id":"https:\/\/www.wolf-group.com\/de\/wolf-group-unternehmen\/we-save-energy\/nachhaltige-losungen\/#breadcrumb","itemListElement":[{"@type":"ListItem","position":1,"name":"Startseite","item":"https:\/\/www.wolf-group.com\/de\/"},{"@type":"ListItem","position":2,"name":"Unternehmen","item":"https:\/\/www.wolf-group.com\/de\/wolf-group-unternehmen\/"},{"@type":"ListItem","position":3,"name":"We save energy","item":"https:\/\/www.wolf-group.com\/de\/wolf-group-unternehmen\/we-save-energy\/"},{"@type":"ListItem","position":4,"name":"Nachhaltige L\u00f6sungen und Zukunftstechnologien"}]},{"@type":"WebSite","@id":"https:\/\/www.wolf-group.com\/de\/#website","url":"https:\/\/www.wolf-group.com\/de\/","name":"Wolf Group German","description":"construction chemistry products and solutions manufacturer","publisher":{"@id":"https:\/\/www.wolf-group.com\/de\/#organization"},"potentialAction":[{"@type":"SearchAction","target":{"@type":"EntryPoint","urlTemplate":"https:\/\/www.wolf-group.com\/de\/?s={search_term_string}"},"query-input":{"@type":"PropertyValueSpecification","valueRequired":true,"valueName":"search_term_string"}}],"inLanguage":"de"},{"@type":"Organization","@id":"https:\/\/www.wolf-group.com\/de\/#organization","name":"Wolf Group German","url":"https:\/\/www.wolf-group.com\/de\/","logo":{"@type":"ImageObject","inLanguage":"de","@id":"https:\/\/www.wolf-group.com\/de\/#\/schema\/logo\/image\/","url":"https:\/\/www.wolf-group.com\/de\/wp-content\/uploads\/sites\/4\/2022\/04\/wolfgroup-logo.svg","contentUrl":"https:\/\/www.wolf-group.com\/de\/wp-content\/uploads\/sites\/4\/2022\/04\/wolfgroup-logo.svg","width":155,"height":46,"caption":"Wolf Group German"},"image":{"@id":"https:\/\/www.wolf-group.com\/de\/#\/schema\/logo\/image\/"}}]}},"_links":{"self":[{"href":"https:\/\/www.wolf-group.com\/de\/wp-json\/wp\/v2\/pages\/27484","targetHints":{"allow":["GET"]}}],"collection":[{"href":"https:\/\/www.wolf-group.com\/de\/wp-json\/wp\/v2\/pages"}],"about":[{"href":"https:\/\/www.wolf-group.com\/de\/wp-json\/wp\/v2\/types\/page"}],"author":[{"embeddable":true,"href":"https:\/\/www.wolf-group.com\/de\/wp-json\/wp\/v2\/users\/1"}],"replies":[{"embeddable":true,"href":"https:\/\/www.wolf-group.com\/de\/wp-json\/wp\/v2\/comments?post=27484"}],"version-history":[{"count":4,"href":"https:\/\/www.wolf-group.com\/de\/wp-json\/wp\/v2\/pages\/27484\/revisions"}],"predecessor-version":[{"id":29258,"href":"https:\/\/www.wolf-group.com\/de\/wp-json\/wp\/v2\/pages\/27484\/revisions\/29258"}],"up":[{"embeddable":true,"href":"https:\/\/www.wolf-group.com\/de\/wp-json\/wp\/v2\/pages\/27470"}],"wp:attachment":[{"href":"https:\/\/www.wolf-group.com\/de\/wp-json\/wp\/v2\/media?parent=27484"}],"curies":[{"name":"wp","href":"https:\/\/api.w.org\/{rel}","templated":true}]}}