{"id":27481,"date":"2022-04-08T15:16:37","date_gmt":"2022-04-08T12:16:37","guid":{"rendered":"https:\/\/wolfgroupnew.rktv.ee\/de\/about-us\/we-save-energy\/recycled-and-recyclable-components\/"},"modified":"2026-01-29T11:51:54","modified_gmt":"2026-01-29T08:51:54","slug":"nachhaltige-bestandteile","status":"publish","type":"page","link":"https:\/\/www.wolf-group.com\/de\/wolf-group-unternehmen\/we-save-energy\/nachhaltige-bestandteile\/","title":{"rendered":"Nachhaltige Bestandteile"},"content":{"rendered":"\n    <div id=\"wse-grid-block_5bbd631ea3c34f50c8d218aac6642eed\" class=\"wse-grid-block\">\n        <div class=\"container\">\n                            <div class=\"block_intro\">\n                    <h2 style=\"text-align: center;\"><strong>Wir erh\u00f6hen jedes Jahr die Anzahl der Rezepturen mit nachhaltigen Inhaltsstoffen und erweitern das Angebot an Verpackungen mit recycelten und wiederverwertbaren Inhaltsstoffen<\/strong>.<\/h2>                <\/div>\n                                        <div class=\"grid\">\n                                                                    <div class=\"grid_item row align-items-center\">\n                            <div class=\"col col-md-6 col-12\">\n                                <div class=\"content_container\">\n                                    <p>Als international renommierter Produzent bietet die Wolf Group auch ihren Private-Label-Kunden innovative Produkte aus nachhaltigen Rohstoffen. Wir sind die Ersten auf dem Weltmarkt, die eine ganze Produktpalette entwickelt haben: F\u00fcllschaum, silikonisiertes Acryl, Montagekleber. Unsere Innovation richtet sich an Menschen, denen die Umwelt und die Zukunft des Planeten am Herzen liegen.<\/p>\n<p>&nbsp;<\/p>\n<p>Die Produktreihe f\u00fcr nachhaltiges Bauen ist in den folgenden Aspekten einzigartig:<\/p>\n<ul>\n<li>Bio-basierte Rohstoffe<\/li>\n<li>Recycelte Verpackungsmaterialien<\/li>\n<li>Post-Consumer-Recycling(PCR)-Kunststoffe<\/li>\n<li>Nachhaltiger In-Mould-Etikettendruck<\/li>\n<li>Produktion mit erneuerbaren Energiequellen<\/li>\n<li>Weniger und recycelter Abfall in der Produktion<\/li>\n<li>Rohstoffverarbeitung und Herstellung von Verpackungsmaterialien unter weniger CO\u2082-Aussto\u00df<\/li>\n<li>Die neuesten Technologien auf dem Gebiet<\/li>\n<li>Leistungsstarke Produkteigenschaften<\/li>\n<li>Alle unsere Aussagen zur Nachhaltigkeit sind zertifiziert<\/li>\n<\/ul>\n                                <\/div>\n                            <\/div>\n                            <div class=\"col col-md-6 col-12\">\n\t\t\t\t\t\t\t\t\t\t\t\t\t\t\t\t\t\t\t\t\t\t\t\t\t\t<div class=\"image_container\">\n\t\t\t\t\t\t\t\t\t\t<img decoding=\"async\" src=\"https:\/\/www.wolf-group.com\/de\/wp-content\/uploads\/sites\/4\/2023\/06\/iStock-1257149725.jpg\" width=\"1208\" height=\"770\" alt=\"\" \/>\n\t\t\t\t\t\t\t\t\t<\/div>\n\t\t\t\t\t\t\t\t                            <\/div>\n                        <\/div>\n                                                                    <div class=\"grid_item row align-items-center\">\n                            <div class=\"col col-md-6 col-12\">\n                                <div class=\"content_container\">\n                                    <p><a href=\"https:\/\/www.wolf-group.com\/de\/produkte-und-losungen\/produkte\/#nachhaltiges-silikonisiertes-acryl\"><strong>Nachhaltiges silikonisiertes Acryl<\/strong><\/a> ist ein plasto-elastischer, lackierf\u00e4higer Dichtstoff mit hoher Bewegungsf\u00e4higkeit (\u00b1\u00a012,5\u00a0%).\u00a0 L\u00f6semittelfrei, phthalat-frei und geruchsneutral. F\u00fcr komplizierte Anwendungen, bei denen herk\u00f6mmliche Acryl-Dichtstoffe \u00fcberfordert sind. Zum Abdichten von beweglichen Anschl\u00fcssen im Innen- und Au\u00dfenbereich sowie f\u00fcr Wandinnenecken und Fugen zwischen Fenster und Wand. Siehe auch <a href=\"https:\/\/penosil.com\/product\/sustainable-siliconized-acrylic\/\" target=\"_blank\" rel=\"noopener\">Penosil ECO Elastisches Acrylic 622<\/a>.<\/p>\n<p><strong>Warum sollten Sie nachhaltiges silikonisiertes Acryl verwenden?<\/strong><\/p>\n<p>81,9\u00a0% der Inhaltsstoffe sind biologisch oder werden unter verringertem CO\u2082-Aussto\u00df hergestellt.<\/p>\n<p>Der Anteil an recyceltem Kunststoff in der Verpackung betr\u00e4gt &gt;\u00a070\u00a0%.<\/p>\n<p>Kartusche und Applikator bestehen aus 83\u00a0% recyceltem Kunststoff.<\/p>\n<p>Zertifiziert nach EC1 Plus.<\/p>\n<p>Franz\u00f6sische VOC-Emissionsklasse A.<\/p>\n<p>Produziert mit 100 % \u00d6kostrom.<\/p>\n                                <\/div>\n                            <\/div>\n                            <div class=\"col col-md-6 col-12\">\n\t\t\t\t\t\t\t\t\t\t\t\t\t\t\t\t\t\t\t\t\t\t\t\t\t\t<div class=\"image_container\">\n\t\t\t\t\t\t\t\t\t\t<img decoding=\"async\" src=\"https:\/\/www.wolf-group.com\/de\/wp-content\/uploads\/sites\/4\/2023\/04\/WG_roheetikett_Sustainable-Siliconized-Acrylic-e1682336148789.png\" width=\"194\" height=\"540\" alt=\"\" \/>\n\t\t\t\t\t\t\t\t\t<\/div>\n\t\t\t\t\t\t\t\t                            <\/div>\n                        <\/div>\n                                                                    <div class=\"grid_item row align-items-center\">\n                            <div class=\"col col-md-6 col-12\">\n                                <div class=\"content_container\">\n                                    <p>Unser <a href=\"https:\/\/www.wolf-group.com\/de\/produkte-und-losungen\/produkte\/#nachhaltige-acrylatklebstoff-mit-hoher-klebekraft\"><strong>nachhaltiger Acrylatklebstoff mit hoher Klebekraft<\/strong><\/a> ist ein Allzweckklebstoff auf Basis nachhaltiger Acrylatdispersion. Der Klebstoff verf\u00fcgt \u00fcber eine hervorragende Anfangshaftung, ist l\u00f6sungsmittelfrei und phthalat-frei. Haftet gut an den meisten Bau- und Ausbaumaterialien. F\u00fcr Innenanwendungen, z.\u00a0B. f\u00fcr die Montage von Holz- und Gipskartonplatten und dekorativen Elementen. Siehe auch <a href=\"https:\/\/penosil.com\/product\/sustainable-acrylic-adhesive\/\" target=\"_blank\" rel=\"noopener\">Penosil ECO Montage Klebstoffe 677<\/a>.<\/p>\n<p><strong>Warum sollten Sie nachhaltigen Acrylatklebstoff mit hoher Klebekraft verwenden?<\/strong><\/p>\n<p>71\u00a0% der Inhaltsstoffe werden biologisch oder nachhaltig produziert.<\/p>\n<p>Zertifiziert nach EC1\u00a0<sup>PLUS<\/sup>.<\/p>\n<p>Kartusche und Applikator bestehen aus 83\u00a0% recyceltem Kunststoff.<\/p>\n<p>Der Anteil an recyceltem Kunststoff in der Verpackung betr\u00e4gt &gt;\u00a070\u00a0%.<\/p>\n<p>Produziert mit 100\u00a0%\u00a0\u00d6kostrom.<\/p>\n                                <\/div>\n                            <\/div>\n                            <div class=\"col col-md-6 col-12\">\n\t\t\t\t\t\t\t\t\t\t\t\t\t\t\t\t\t\t\t\t\t\t\t\t\t\t<div class=\"image_container\">\n\t\t\t\t\t\t\t\t\t\t<img decoding=\"async\" src=\"https:\/\/www.wolf-group.com\/de\/wp-content\/uploads\/sites\/4\/2023\/04\/WG_roheetikett_Sustainable-High-Tack-Acrylic-Adhesive-e1682336305139.png\" width=\"194\" height=\"540\" alt=\"\" \/>\n\t\t\t\t\t\t\t\t\t<\/div>\n\t\t\t\t\t\t\t\t                            <\/div>\n                        <\/div>\n                                    <\/div>\n                    <\/div>\n    <\/div>\n\n\n\n    <div id=\"wse-grid-block_f9e1c62046b6bea2282091b2ac6cc63c\" class=\"wse-grid-block\">\n        <div class=\"container\">\n                            <div class=\"block_intro\">\n                    <h2 style=\"text-align: center;\">Wolf\u00a0Group bietet Produkte mit Umweltproduktdeklaration<\/h2>                <\/div>\n                                        <div class=\"grid\">\n                                                                    <div class=\"grid_item row align-items-center\">\n                            <div class=\"col col-md-6 col-12\">\n                                <div class=\"content_container\">\n                                    <p><!-- wp:paragraph --><\/p>\n<p><strong>Das Flaggschiff der Wolf\u00a0Group, die <a href=\"https:\/\/penosil.com\/de\/\" target=\"_blank\" rel=\"noopener\">Penosil<\/a>-Produkte<\/strong> <strong>der Kategorie <a href=\"https:\/\/penosil.com\/products\/application-areas\/sustainable-construction\/\" target=\"_blank\" rel=\"noopener\">Nachhaltiges Bauen<\/a>, gibt es nun mit Umweltproduktdeklaration (EPD). Bald werden auch alle Bausch\u00e4ume und Dichtstoffe EPD-zertifiziert sein, ebenso wie ein Teil der Klebstoffe, die sowohl unter der Eigenmarke als auch unter <em>Private Label<\/em> hergestellt werden.\u00a0<\/strong><\/p>\n<p><!-- \/wp:paragraph --> <!-- wp:paragraph --><\/p>\n<p>Mit diesem Schritt tr\u00e4gt die Wolf Group zur Erreichung ihrer Umwelt- und Nachhaltigkeitsziele sowie zur Steigerung der Wettbewerbsf\u00e4higkeit des Unternehmens und seiner Kunden bei. So sind Produkte mit Umweltproduktdeklaration beispielsweise eine Voraussetzung f\u00fcr die Beantragung internationaler Umweltzeichen f\u00fcr Geb\u00e4ude wie LEED, BREEAM usw.<\/p>\n<p>Eine Umweltproduktdeklaration ist eine freiwillige und standardisierte Methode, um zuverl\u00e4ssige, relevante, \u00fcberpr\u00fcfbare und vergleichbare Informationen \u00fcber den \u00f6kologischen Fu\u00dfabdruck eines Produkts oder einer Produktgruppe auf der Grundlage einer Lebenszyklusanalyse bereitzustellen. Die Bewertung basiert auf der Norm EN 15804. EPDs k\u00f6nnen hausintern erstellt oder von einer Institution beauftragt werden. \u201eAls Mitglied der <a href=\"https:\/\/www.feica.eu\/\" target=\"_blank\" rel=\"noopener\">FEICA<\/a>, des Verbands Europ\u00e4ischer Klebstoffindustrien, verwendet die Wolf\u00a0Group das standardisierte FEICA-Modell f\u00fcr EPDs\u201c, erkl\u00e4rt Kuldar Kongo, Product Management Director der Wolf\u00a0Group. \u201eDabei wird die Zusammensetzung des Produkts ber\u00fccksichtigt, einschlie\u00dflich des Gehalts an gef\u00e4hrlichen Bestandteilen oder <a href=\"https:\/\/www.wolf-group.com\/de\/blog\/2021\/01\/15\/achten-sie-mehr-auf-die-produkte\/\">fl\u00fcchtigen organischen Verbindungen<\/a>. Umweltdeklarationen, die auf dem FEICA-Modell basieren, sind bis 2027 g\u00fcltig.\u201c<\/p>\n<p><!-- \/wp:media-text --> <!-- wp:paragraph --><\/p>\n<p>Die Europ\u00e4ische Kommission hat sich das ehrgeizige Ziel gesetzt, bis 2050 eine klimaneutrale Wirtschaft zu erreichen. Um dieses Ziel zu erreichen, planen immer mehr L\u00e4nder, Umweltdeklarationen verbindlich vorzuschreiben. Die nordischen L\u00e4nder \u2013\u00a0Finnland, Norwegen, Schweden\u00a0\u2013 stehen dabei an vorderster Front, ebenso wie Frankreich.<\/p>\n<p><!-- \/wp:paragraph --> <!-- wp:paragraph --><\/p>\n<p>Die Entwicklung nachhaltiger Produkte durch die Wolf\u00a0Group wurde durch den <a href=\"https:\/\/www.europarl.europa.eu\/factsheets\/de\/sheet\/95\/europaischer-fonds-fur-regionale-entwicklung-efre-\" target=\"_blank\" rel=\"noopener\">Europ\u00e4ischen Fonds f\u00fcr regionale Entwicklung<\/a> und <a href=\"https:\/\/eas.ee\/en\/\" target=\"_blank\" rel=\"noopener\">Enterprise Estonia finanziert<\/a>.<\/p>\n<p><!-- \/wp:paragraph --> <!-- wp:image {\"id\":29372,\"sizeSlug\":\"full\",\"linkDestination\":\"none\"} --><\/p>\n<figure class=\"wp-block-image size-full\"><img decoding=\"async\" width=\"1024\" height=\"298\" class=\"wp-image-29372\" src=\"https:\/\/www.wolf-group.com\/de\/wp-content\/uploads\/sites\/4\/2023\/06\/image-1.png\" alt=\"\" \/><\/figure>\n<p><!-- \/wp:image --> <!-- wp:paragraph --><\/p>\n<p>F\u00f6rderma\u00dfnahme: Unterst\u00fctzung der Produktentwicklung in von COVID-19 betroffenen Unternehmen f\u00fcr den Zeitraum 2019-2020.<\/p>\n<p><!-- \/wp:paragraph --><\/p>\n                                <\/div>\n                            <\/div>\n                            <div class=\"col col-md-6 col-12\">\n\t\t\t\t\t\t\t\t\t\t\t\t\t\t\t\t\t\t\t\t\t\t\t\t\t\t<div class=\"image_container\">\n\t\t\t\t\t\t\t\t\t\t<img decoding=\"async\" src=\"https:\/\/www.wolf-group.com\/de\/wp-content\/uploads\/sites\/4\/2023\/06\/image.png\" width=\"447\" height=\"637\" alt=\"\" \/>\n\t\t\t\t\t\t\t\t\t<\/div>\n\t\t\t\t\t\t\t\t                            <\/div>\n                        <\/div>\n                                    <\/div>\n                    <\/div>\n    <\/div>\n","protected":false},"excerpt":{"rendered":"","protected":false},"author":1,"featured_media":0,"parent":27470,"menu_order":9,"comment_status":"closed","ping_status":"closed","template":"page-templates\/template-wse.php","meta":{"_acf_changed":false,"footnotes":""},"class_list":["post-27481","page","type-page","status-publish","hentry"],"acf":[],"yoast_head":"<!-- This site is optimized with the Yoast SEO plugin v27.3 - https:\/\/yoast.com\/product\/yoast-seo-wordpress\/ -->\n<title>Nachhaltige Bestandteile - Wolf Group German<\/title>\n<meta name=\"robots\" content=\"index, follow, max-snippet:-1, max-image-preview:large, max-video-preview:-1\" \/>\n<link rel=\"canonical\" href=\"https:\/\/www.wolf-group.com\/de\/wolf-group-unternehmen\/we-save-energy\/nachhaltige-bestandteile\/\" \/>\n<meta property=\"og:locale\" content=\"de_DE\" \/>\n<meta property=\"og:type\" content=\"article\" \/>\n<meta property=\"og:title\" content=\"Nachhaltige Bestandteile - Wolf Group German\" \/>\n<meta property=\"og:url\" content=\"https:\/\/www.wolf-group.com\/de\/wolf-group-unternehmen\/we-save-energy\/nachhaltige-bestandteile\/\" \/>\n<meta property=\"og:site_name\" content=\"Wolf Group German\" \/>\n<meta property=\"article:modified_time\" content=\"2026-01-29T08:51:54+00:00\" \/>\n<meta name=\"twitter:card\" content=\"summary_large_image\" \/>\n<script type=\"application\/ld+json\" class=\"yoast-schema-graph\">{\"@context\":\"https:\\\/\\\/schema.org\",\"@graph\":[{\"@type\":\"WebPage\",\"@id\":\"https:\\\/\\\/www.wolf-group.com\\\/de\\\/wolf-group-unternehmen\\\/we-save-energy\\\/nachhaltige-bestandteile\\\/\",\"url\":\"https:\\\/\\\/www.wolf-group.com\\\/de\\\/wolf-group-unternehmen\\\/we-save-energy\\\/nachhaltige-bestandteile\\\/\",\"name\":\"Nachhaltige Bestandteile - Wolf Group German\",\"isPartOf\":{\"@id\":\"https:\\\/\\\/www.wolf-group.com\\\/de\\\/#website\"},\"datePublished\":\"2022-04-08T12:16:37+00:00\",\"dateModified\":\"2026-01-29T08:51:54+00:00\",\"breadcrumb\":{\"@id\":\"https:\\\/\\\/www.wolf-group.com\\\/de\\\/wolf-group-unternehmen\\\/we-save-energy\\\/nachhaltige-bestandteile\\\/#breadcrumb\"},\"inLanguage\":\"de\",\"potentialAction\":[{\"@type\":\"ReadAction\",\"target\":[\"https:\\\/\\\/www.wolf-group.com\\\/de\\\/wolf-group-unternehmen\\\/we-save-energy\\\/nachhaltige-bestandteile\\\/\"]}]},{\"@type\":\"BreadcrumbList\",\"@id\":\"https:\\\/\\\/www.wolf-group.com\\\/de\\\/wolf-group-unternehmen\\\/we-save-energy\\\/nachhaltige-bestandteile\\\/#breadcrumb\",\"itemListElement\":[{\"@type\":\"ListItem\",\"position\":1,\"name\":\"Startseite\",\"item\":\"https:\\\/\\\/www.wolf-group.com\\\/de\\\/\"},{\"@type\":\"ListItem\",\"position\":2,\"name\":\"Unternehmen\",\"item\":\"https:\\\/\\\/www.wolf-group.com\\\/de\\\/wolf-group-unternehmen\\\/\"},{\"@type\":\"ListItem\",\"position\":3,\"name\":\"We save energy\",\"item\":\"https:\\\/\\\/www.wolf-group.com\\\/de\\\/wolf-group-unternehmen\\\/we-save-energy\\\/\"},{\"@type\":\"ListItem\",\"position\":4,\"name\":\"Nachhaltige Bestandteile\"}]},{\"@type\":\"WebSite\",\"@id\":\"https:\\\/\\\/www.wolf-group.com\\\/de\\\/#website\",\"url\":\"https:\\\/\\\/www.wolf-group.com\\\/de\\\/\",\"name\":\"Wolf Group German\",\"description\":\"construction chemistry products and solutions manufacturer\",\"publisher\":{\"@id\":\"https:\\\/\\\/www.wolf-group.com\\\/de\\\/#organization\"},\"potentialAction\":[{\"@type\":\"SearchAction\",\"target\":{\"@type\":\"EntryPoint\",\"urlTemplate\":\"https:\\\/\\\/www.wolf-group.com\\\/de\\\/?s={search_term_string}\"},\"query-input\":{\"@type\":\"PropertyValueSpecification\",\"valueRequired\":true,\"valueName\":\"search_term_string\"}}],\"inLanguage\":\"de\"},{\"@type\":\"Organization\",\"@id\":\"https:\\\/\\\/www.wolf-group.com\\\/de\\\/#organization\",\"name\":\"Wolf Group German\",\"url\":\"https:\\\/\\\/www.wolf-group.com\\\/de\\\/\",\"logo\":{\"@type\":\"ImageObject\",\"inLanguage\":\"de\",\"@id\":\"https:\\\/\\\/www.wolf-group.com\\\/de\\\/#\\\/schema\\\/logo\\\/image\\\/\",\"url\":\"https:\\\/\\\/www.wolf-group.com\\\/de\\\/wp-content\\\/uploads\\\/sites\\\/4\\\/2022\\\/04\\\/wolfgroup-logo.svg\",\"contentUrl\":\"https:\\\/\\\/www.wolf-group.com\\\/de\\\/wp-content\\\/uploads\\\/sites\\\/4\\\/2022\\\/04\\\/wolfgroup-logo.svg\",\"width\":155,\"height\":46,\"caption\":\"Wolf Group German\"},\"image\":{\"@id\":\"https:\\\/\\\/www.wolf-group.com\\\/de\\\/#\\\/schema\\\/logo\\\/image\\\/\"}}]}<\/script>\n<!-- \/ Yoast SEO plugin. -->","yoast_head_json":{"title":"Nachhaltige Bestandteile - Wolf Group German","robots":{"index":"index","follow":"follow","max-snippet":"max-snippet:-1","max-image-preview":"max-image-preview:large","max-video-preview":"max-video-preview:-1"},"canonical":"https:\/\/www.wolf-group.com\/de\/wolf-group-unternehmen\/we-save-energy\/nachhaltige-bestandteile\/","og_locale":"de_DE","og_type":"article","og_title":"Nachhaltige Bestandteile - Wolf Group German","og_url":"https:\/\/www.wolf-group.com\/de\/wolf-group-unternehmen\/we-save-energy\/nachhaltige-bestandteile\/","og_site_name":"Wolf Group German","article_modified_time":"2026-01-29T08:51:54+00:00","twitter_card":"summary_large_image","schema":{"@context":"https:\/\/schema.org","@graph":[{"@type":"WebPage","@id":"https:\/\/www.wolf-group.com\/de\/wolf-group-unternehmen\/we-save-energy\/nachhaltige-bestandteile\/","url":"https:\/\/www.wolf-group.com\/de\/wolf-group-unternehmen\/we-save-energy\/nachhaltige-bestandteile\/","name":"Nachhaltige Bestandteile - Wolf Group German","isPartOf":{"@id":"https:\/\/www.wolf-group.com\/de\/#website"},"datePublished":"2022-04-08T12:16:37+00:00","dateModified":"2026-01-29T08:51:54+00:00","breadcrumb":{"@id":"https:\/\/www.wolf-group.com\/de\/wolf-group-unternehmen\/we-save-energy\/nachhaltige-bestandteile\/#breadcrumb"},"inLanguage":"de","potentialAction":[{"@type":"ReadAction","target":["https:\/\/www.wolf-group.com\/de\/wolf-group-unternehmen\/we-save-energy\/nachhaltige-bestandteile\/"]}]},{"@type":"BreadcrumbList","@id":"https:\/\/www.wolf-group.com\/de\/wolf-group-unternehmen\/we-save-energy\/nachhaltige-bestandteile\/#breadcrumb","itemListElement":[{"@type":"ListItem","position":1,"name":"Startseite","item":"https:\/\/www.wolf-group.com\/de\/"},{"@type":"ListItem","position":2,"name":"Unternehmen","item":"https:\/\/www.wolf-group.com\/de\/wolf-group-unternehmen\/"},{"@type":"ListItem","position":3,"name":"We save energy","item":"https:\/\/www.wolf-group.com\/de\/wolf-group-unternehmen\/we-save-energy\/"},{"@type":"ListItem","position":4,"name":"Nachhaltige Bestandteile"}]},{"@type":"WebSite","@id":"https:\/\/www.wolf-group.com\/de\/#website","url":"https:\/\/www.wolf-group.com\/de\/","name":"Wolf Group German","description":"construction chemistry products and solutions manufacturer","publisher":{"@id":"https:\/\/www.wolf-group.com\/de\/#organization"},"potentialAction":[{"@type":"SearchAction","target":{"@type":"EntryPoint","urlTemplate":"https:\/\/www.wolf-group.com\/de\/?s={search_term_string}"},"query-input":{"@type":"PropertyValueSpecification","valueRequired":true,"valueName":"search_term_string"}}],"inLanguage":"de"},{"@type":"Organization","@id":"https:\/\/www.wolf-group.com\/de\/#organization","name":"Wolf Group German","url":"https:\/\/www.wolf-group.com\/de\/","logo":{"@type":"ImageObject","inLanguage":"de","@id":"https:\/\/www.wolf-group.com\/de\/#\/schema\/logo\/image\/","url":"https:\/\/www.wolf-group.com\/de\/wp-content\/uploads\/sites\/4\/2022\/04\/wolfgroup-logo.svg","contentUrl":"https:\/\/www.wolf-group.com\/de\/wp-content\/uploads\/sites\/4\/2022\/04\/wolfgroup-logo.svg","width":155,"height":46,"caption":"Wolf Group German"},"image":{"@id":"https:\/\/www.wolf-group.com\/de\/#\/schema\/logo\/image\/"}}]}},"_links":{"self":[{"href":"https:\/\/www.wolf-group.com\/de\/wp-json\/wp\/v2\/pages\/27481","targetHints":{"allow":["GET"]}}],"collection":[{"href":"https:\/\/www.wolf-group.com\/de\/wp-json\/wp\/v2\/pages"}],"about":[{"href":"https:\/\/www.wolf-group.com\/de\/wp-json\/wp\/v2\/types\/page"}],"author":[{"embeddable":true,"href":"https:\/\/www.wolf-group.com\/de\/wp-json\/wp\/v2\/users\/1"}],"replies":[{"embeddable":true,"href":"https:\/\/www.wolf-group.com\/de\/wp-json\/wp\/v2\/comments?post=27481"}],"version-history":[{"count":18,"href":"https:\/\/www.wolf-group.com\/de\/wp-json\/wp\/v2\/pages\/27481\/revisions"}],"predecessor-version":[{"id":30499,"href":"https:\/\/www.wolf-group.com\/de\/wp-json\/wp\/v2\/pages\/27481\/revisions\/30499"}],"up":[{"embeddable":true,"href":"https:\/\/www.wolf-group.com\/de\/wp-json\/wp\/v2\/pages\/27470"}],"wp:attachment":[{"href":"https:\/\/www.wolf-group.com\/de\/wp-json\/wp\/v2\/media?parent=27481"}],"curies":[{"name":"wp","href":"https:\/\/api.w.org\/{rel}","templated":true}]}}